{"id":1904,"date":"2020-11-01T17:16:16","date_gmt":"2020-11-01T17:16:16","guid":{"rendered":"https:\/\/kaberneememarina.ee\/et\/?page_id=1904"},"modified":"2021-04-17T08:51:40","modified_gmt":"2021-04-17T08:51:40","slug":"toetajad","status":"publish","type":"page","link":"https:\/\/kaberneememarina.ee\/et\/toetajad\/","title":{"rendered":"Toetajad"},"content":{"rendered":"<p><img loading=\"lazy\" decoding=\"async\" class=\"mt-10 mb-10 alignnone wp-image-1535 size-full\" src=\"https:\/\/kaberneememarina.ee\/et\/wp-content\/uploads\/sites\/2\/2018\/11\/EL_Regionaalarengufond_hor_EST.png\" sizes=\"(max-width: 400px) 100vw, 400px\" srcset=\"https:\/\/kaberneememarina.ee\/et\/wp-content\/uploads\/sites\/2\/2018\/11\/EL_Regionaalarengufond_hor_EST.png 400w, https:\/\/kaberneememarina.ee\/et\/wp-content\/uploads\/sites\/2\/2018\/11\/EL_Regionaalarengufond_hor_EST-300x89.png 300w\" alt=\"\" width=\"400\" height=\"119\" \/><\/p>\n<h2><strong>EUROOPA REGIONAALARENGU FONDI TOETUS<\/strong><\/h2>\n<p>2018.aastal taotleti\u00a0<strong><a href=\"https:\/\/www.eas.ee\/images\/doc\/sihtasutusest\/logo_rakendused\/Teavituse_meelespea_SF.pdf\">EAS-ilt Euroopa Regionaalarengu Fondi vahenditest<\/a><\/strong>\u00a0toetust Kaberneeme sadama rekonstrueerimise 2. etapi l\u00e4biviimiseks, mille k\u00e4igus on plaanis l\u00f5puni viia 2015.a. alustatud ambitsioonikas investeering. Selle tulemusena muudetakse endine lagunenud kalasadam piirkonna \u00fcheks atraktiivsemaks k\u00fclastusobjektiks, millel on m\u00e4rkamisv\u00e4\u00e4rne panus Eesti rannikuala mereturismi arengusse ja v\u00e4ikesadamate v\u00f5rgustiku kujunemisse.<\/p>\n<p>V\u00e4ljav\u00f5te EAS otsusest:<\/p>\n<p>\u2026 rahuldada Kaberneeme Marina O\u00dc (edaspidi toetuse saaja) taotlus projektile, mille eesm\u00e4rgiks on Kaberneeme v\u00e4ikesadama muutmine atraktiivseks k\u00fclastusobjektiks nii merelt kui maismaalt saabuvatele turistidele l\u00e4bi sadama turvalisuse parandamise, teenuste valiku t\u00e4iustamise ja sadama majandamise j\u00e4tkusuutlikkuse tagamise. Projekti kogumaksumus on 289 637,45 eurot (kakssada kaheksak\u00fcmmend \u00fcheksa tuhat kuussada kolmk\u00fcmmend seitse eurot, nelik\u00fcmmend viis senti), millest omafinantseering on minimaalselt 89 787,62 eurot (kaheksak\u00fcmmend \u00fcheksa tuhat seitsesada kaheksak\u00fcmmend seitse eurot, kuusk\u00fcmmend kaks senti) ja toetus on maksimaalselt 199 849,83 eurot (\u00fckssada \u00fcheksak\u00fcmmend \u00fcheksa tuhat kaheksasada nelik\u00fcmmend \u00fcheksa eurot, kaheksak\u00fcmmend kolm senti); \u2026<\/p>\n<h2><strong>T\u00c4IENDAVAD INVESTEERINGUD<\/strong><\/h2>\n<p>Projekti k\u00e4igus tehakse j\u00e4rgmised investeeringud sadama infrastruktuuri:<\/p>\n<p>a. T\u00e4iendav osa akvatooriumist s\u00fcvendatakse enne uue lainemurdja-kai paigaldamist 2,5 meetrini\u037e<br \/>\nb. Sadamasse paigaldatakse uus 60-meetrine massiivne betoonist ujuvkai-lainemurdja koos varustuse ja valgustusega, mille abil kaitstakse akvatoorium ida ja kagu tuultest ja lainetusest ning luuakse 10 uut k\u00fclaliskohta (s.h. 2 \u2013 suurtele, \u00fcle 20 m pikkusega laevadele) ja 4 uut p\u00fcsikohta\u037e<br \/>\nc. Asfalteeritakse uue kai tagala, mis v\u00f5imaldab pakkuda kraanaga t\u00f5steteenust aluste veeskamiseks ja v\u00e4ljat\u00f5stmiseks. Sellega luuakse uus sadamateenus\u037e<br \/>\nd. Rajatakse 10-kohaline karavaniparkla koos elektriv\u00f5tu postidega, millega seoses lisandub sadamas uus turismiteenus uuele sihtgrupile \u2013 matka-autodega reisijad\u037e<br \/>\ne. Ehitatakse uus atraktiivne saunahoone terrassidega, mille baasil saab pakkuda uut teenust nii k\u00fclalisaluste meeskondadele kui teistele sadama k\u00fclastajatele, s.h. hooajav\u00e4liselt \u2013 seltskondlikeks \u00fcritusteks ja seminarideks.<\/p>\n<h2><strong>UUED TEENUSED<\/strong><\/h2>\n<p>Ostetakse ja paigaldatakse j\u00e4rgmised seadmed ja inventar uute teenuste pakkumiseks:<\/p>\n<p>f. Laste m\u00e4nguv\u00e4ljak \u2013 uus tasuta k\u00fclalislahkuse teenus sadamat k\u00fclastavatele pereturistidele nii merelt kui maismaalt (seni teenused sellele sihtgrupile puudusid)\u037e<br \/>\ng. v\u00e4litrena\u017e\u00f6\u00f6rid \u2013 samuti uus tasuta k\u00fclalislahkuse teenus k\u00f5igile k\u00fclastajatele\u037e<br \/>\nh. pesumasin-kuivati \u2013 uus mugavusteenus k\u00fclalisaluste meeskondadele\u037e<br \/>\ni. professionaalne survepesur \u2013 uus sadama tugiteenus peamiselt slippi ja p\u00fcsikohtade kasutajatele.<\/p>\n","protected":false},"excerpt":{"rendered":"<p>EUROOPA REGIONAALARENGU FONDI TOETUS 2018.aastal taotleti\u00a0EAS-ilt Euroopa Regionaalarengu Fondi vahenditest\u00a0toetust Kaberneeme sadama rekonstrueerimise 2. etapi l\u00e4biviimiseks, mille k\u00e4igus on plaanis &hellip; <a href=\"https:\/\/kaberneememarina.ee\/et\/toetajad\/\">Continued<\/a><\/p>\n","protected":false},"author":1,"featured_media":0,"parent":0,"menu_order":0,"comment_status":"closed","ping_status":"closed","template":"","meta":{"_acf_changed":false,"footnotes":""},"acf":[],"yoast_head":"<!-- This site is optimized with the Yoast SEO plugin v22.4 - https:\/\/yoast.com\/wordpress\/plugins\/seo\/ -->\n<title>Toetajad - Kaberneeme sadam<\/title>\n<meta name=\"robots\" content=\"index, follow, max-snippet:-1, max-image-preview:large, max-video-preview:-1\" \/>\n<link rel=\"canonical\" href=\"https:\/\/kaberneememarina.ee\/et\/toetajad\/\" \/>\n<meta property=\"og:locale\" content=\"en_US\" \/>\n<meta property=\"og:type\" content=\"article\" \/>\n<meta property=\"og:title\" content=\"Toetajad - Kaberneeme sadam\" \/>\n<meta property=\"og:description\" content=\"EUROOPA REGIONAALARENGU FONDI TOETUS 2018.aastal taotleti\u00a0EAS-ilt Euroopa Regionaalarengu Fondi vahenditest\u00a0toetust Kaberneeme sadama rekonstrueerimise 2. etapi l\u00e4biviimiseks, mille k\u00e4igus on plaanis &hellip; Continued\" \/>\n<meta property=\"og:url\" content=\"https:\/\/kaberneememarina.ee\/et\/toetajad\/\" \/>\n<meta property=\"og:site_name\" content=\"Kaberneeme sadam\" \/>\n<meta property=\"article:publisher\" content=\"http:\/\/www.facebook.com\/kaberneememarina\" \/>\n<meta property=\"article:modified_time\" content=\"2021-04-17T08:51:40+00:00\" \/>\n<meta property=\"og:image\" content=\"https:\/\/kaberneememarina.ee\/et\/wp-content\/uploads\/sites\/2\/2018\/11\/EL_Regionaalarengufond_hor_EST.png\" \/>\n<meta name=\"twitter:card\" content=\"summary_large_image\" \/>\n<meta name=\"twitter:label1\" content=\"Est. reading time\" \/>\n\t<meta name=\"twitter:data1\" content=\"2 minutes\" \/>\n<script type=\"application\/ld+json\" class=\"yoast-schema-graph\">{\"@context\":\"https:\/\/schema.org\",\"@graph\":[{\"@type\":\"WebPage\",\"@id\":\"https:\/\/kaberneememarina.ee\/et\/toetajad\/\",\"url\":\"https:\/\/kaberneememarina.ee\/et\/toetajad\/\",\"name\":\"Toetajad - Kaberneeme sadam\",\"isPartOf\":{\"@id\":\"https:\/\/kaberneememarina.ee\/et\/#website\"},\"primaryImageOfPage\":{\"@id\":\"https:\/\/kaberneememarina.ee\/et\/toetajad\/#primaryimage\"},\"image\":{\"@id\":\"https:\/\/kaberneememarina.ee\/et\/toetajad\/#primaryimage\"},\"thumbnailUrl\":\"https:\/\/kaberneememarina.ee\/et\/wp-content\/uploads\/sites\/2\/2018\/11\/EL_Regionaalarengufond_hor_EST.png\",\"datePublished\":\"2020-11-01T17:16:16+00:00\",\"dateModified\":\"2021-04-17T08:51:40+00:00\",\"breadcrumb\":{\"@id\":\"https:\/\/kaberneememarina.ee\/et\/toetajad\/#breadcrumb\"},\"inLanguage\":\"en-US\",\"potentialAction\":[{\"@type\":\"ReadAction\",\"target\":[\"https:\/\/kaberneememarina.ee\/et\/toetajad\/\"]}]},{\"@type\":\"ImageObject\",\"inLanguage\":\"en-US\",\"@id\":\"https:\/\/kaberneememarina.ee\/et\/toetajad\/#primaryimage\",\"url\":\"https:\/\/kaberneememarina.ee\/et\/wp-content\/uploads\/sites\/2\/2018\/11\/EL_Regionaalarengufond_hor_EST.png\",\"contentUrl\":\"https:\/\/kaberneememarina.ee\/et\/wp-content\/uploads\/sites\/2\/2018\/11\/EL_Regionaalarengufond_hor_EST.png\",\"width\":400,\"height\":119},{\"@type\":\"BreadcrumbList\",\"@id\":\"https:\/\/kaberneememarina.ee\/et\/toetajad\/#breadcrumb\",\"itemListElement\":[{\"@type\":\"ListItem\",\"position\":1,\"name\":\"Home\",\"item\":\"https:\/\/kaberneememarina.ee\/et\/\"},{\"@type\":\"ListItem\",\"position\":2,\"name\":\"Toetajad\"}]},{\"@type\":\"WebSite\",\"@id\":\"https:\/\/kaberneememarina.ee\/et\/#website\",\"url\":\"https:\/\/kaberneememarina.ee\/et\/\",\"name\":\"Kaberneeme sadam\",\"description\":\"Kolga lahe p\u00e4rl\",\"publisher\":{\"@id\":\"https:\/\/kaberneememarina.ee\/et\/#organization\"},\"potentialAction\":[{\"@type\":\"SearchAction\",\"target\":{\"@type\":\"EntryPoint\",\"urlTemplate\":\"https:\/\/kaberneememarina.ee\/et\/?s={search_term_string}\"},\"query-input\":\"required name=search_term_string\"}],\"inLanguage\":\"en-US\"},{\"@type\":\"Organization\",\"@id\":\"https:\/\/kaberneememarina.ee\/et\/#organization\",\"name\":\"Kaberneeme sadam\",\"url\":\"https:\/\/kaberneememarina.ee\/et\/\",\"logo\":{\"@type\":\"ImageObject\",\"inLanguage\":\"en-US\",\"@id\":\"https:\/\/kaberneememarina.ee\/et\/#\/schema\/logo\/image\/\",\"url\":\"https:\/\/kaberneememarina.ee\/et\/wp-content\/uploads\/sites\/2\/2020\/10\/logo.png\",\"contentUrl\":\"https:\/\/kaberneememarina.ee\/et\/wp-content\/uploads\/sites\/2\/2020\/10\/logo.png\",\"width\":150,\"height\":149,\"caption\":\"Kaberneeme sadam\"},\"image\":{\"@id\":\"https:\/\/kaberneememarina.ee\/et\/#\/schema\/logo\/image\/\"},\"sameAs\":[\"http:\/\/www.facebook.com\/kaberneememarina\"]}]}<\/script>\n<!-- \/ Yoast SEO plugin. -->","yoast_head_json":{"title":"Toetajad - Kaberneeme sadam","robots":{"index":"index","follow":"follow","max-snippet":"max-snippet:-1","max-image-preview":"max-image-preview:large","max-video-preview":"max-video-preview:-1"},"canonical":"https:\/\/kaberneememarina.ee\/et\/toetajad\/","og_locale":"en_US","og_type":"article","og_title":"Toetajad - Kaberneeme sadam","og_description":"EUROOPA REGIONAALARENGU FONDI TOETUS 2018.aastal taotleti\u00a0EAS-ilt Euroopa Regionaalarengu Fondi vahenditest\u00a0toetust Kaberneeme sadama rekonstrueerimise 2. etapi l\u00e4biviimiseks, mille k\u00e4igus on plaanis &hellip; Continued","og_url":"https:\/\/kaberneememarina.ee\/et\/toetajad\/","og_site_name":"Kaberneeme sadam","article_publisher":"http:\/\/www.facebook.com\/kaberneememarina","article_modified_time":"2021-04-17T08:51:40+00:00","og_image":[{"url":"https:\/\/kaberneememarina.ee\/et\/wp-content\/uploads\/sites\/2\/2018\/11\/EL_Regionaalarengufond_hor_EST.png"}],"twitter_card":"summary_large_image","twitter_misc":{"Est. reading time":"2 minutes"},"schema":{"@context":"https:\/\/schema.org","@graph":[{"@type":"WebPage","@id":"https:\/\/kaberneememarina.ee\/et\/toetajad\/","url":"https:\/\/kaberneememarina.ee\/et\/toetajad\/","name":"Toetajad - Kaberneeme sadam","isPartOf":{"@id":"https:\/\/kaberneememarina.ee\/et\/#website"},"primaryImageOfPage":{"@id":"https:\/\/kaberneememarina.ee\/et\/toetajad\/#primaryimage"},"image":{"@id":"https:\/\/kaberneememarina.ee\/et\/toetajad\/#primaryimage"},"thumbnailUrl":"https:\/\/kaberneememarina.ee\/et\/wp-content\/uploads\/sites\/2\/2018\/11\/EL_Regionaalarengufond_hor_EST.png","datePublished":"2020-11-01T17:16:16+00:00","dateModified":"2021-04-17T08:51:40+00:00","breadcrumb":{"@id":"https:\/\/kaberneememarina.ee\/et\/toetajad\/#breadcrumb"},"inLanguage":"en-US","potentialAction":[{"@type":"ReadAction","target":["https:\/\/kaberneememarina.ee\/et\/toetajad\/"]}]},{"@type":"ImageObject","inLanguage":"en-US","@id":"https:\/\/kaberneememarina.ee\/et\/toetajad\/#primaryimage","url":"https:\/\/kaberneememarina.ee\/et\/wp-content\/uploads\/sites\/2\/2018\/11\/EL_Regionaalarengufond_hor_EST.png","contentUrl":"https:\/\/kaberneememarina.ee\/et\/wp-content\/uploads\/sites\/2\/2018\/11\/EL_Regionaalarengufond_hor_EST.png","width":400,"height":119},{"@type":"BreadcrumbList","@id":"https:\/\/kaberneememarina.ee\/et\/toetajad\/#breadcrumb","itemListElement":[{"@type":"ListItem","position":1,"name":"Home","item":"https:\/\/kaberneememarina.ee\/et\/"},{"@type":"ListItem","position":2,"name":"Toetajad"}]},{"@type":"WebSite","@id":"https:\/\/kaberneememarina.ee\/et\/#website","url":"https:\/\/kaberneememarina.ee\/et\/","name":"Kaberneeme sadam","description":"Kolga lahe p\u00e4rl","publisher":{"@id":"https:\/\/kaberneememarina.ee\/et\/#organization"},"potentialAction":[{"@type":"SearchAction","target":{"@type":"EntryPoint","urlTemplate":"https:\/\/kaberneememarina.ee\/et\/?s={search_term_string}"},"query-input":"required name=search_term_string"}],"inLanguage":"en-US"},{"@type":"Organization","@id":"https:\/\/kaberneememarina.ee\/et\/#organization","name":"Kaberneeme sadam","url":"https:\/\/kaberneememarina.ee\/et\/","logo":{"@type":"ImageObject","inLanguage":"en-US","@id":"https:\/\/kaberneememarina.ee\/et\/#\/schema\/logo\/image\/","url":"https:\/\/kaberneememarina.ee\/et\/wp-content\/uploads\/sites\/2\/2020\/10\/logo.png","contentUrl":"https:\/\/kaberneememarina.ee\/et\/wp-content\/uploads\/sites\/2\/2020\/10\/logo.png","width":150,"height":149,"caption":"Kaberneeme sadam"},"image":{"@id":"https:\/\/kaberneememarina.ee\/et\/#\/schema\/logo\/image\/"},"sameAs":["http:\/\/www.facebook.com\/kaberneememarina"]}]}},"_links":{"self":[{"href":"https:\/\/kaberneememarina.ee\/et\/wp-json\/wp\/v2\/pages\/1904"}],"collection":[{"href":"https:\/\/kaberneememarina.ee\/et\/wp-json\/wp\/v2\/pages"}],"about":[{"href":"https:\/\/kaberneememarina.ee\/et\/wp-json\/wp\/v2\/types\/page"}],"author":[{"embeddable":true,"href":"https:\/\/kaberneememarina.ee\/et\/wp-json\/wp\/v2\/users\/1"}],"replies":[{"embeddable":true,"href":"https:\/\/kaberneememarina.ee\/et\/wp-json\/wp\/v2\/comments?post=1904"}],"version-history":[{"count":5,"href":"https:\/\/kaberneememarina.ee\/et\/wp-json\/wp\/v2\/pages\/1904\/revisions"}],"predecessor-version":[{"id":2077,"href":"https:\/\/kaberneememarina.ee\/et\/wp-json\/wp\/v2\/pages\/1904\/revisions\/2077"}],"wp:attachment":[{"href":"https:\/\/kaberneememarina.ee\/et\/wp-json\/wp\/v2\/media?parent=1904"}],"curies":[{"name":"wp","href":"https:\/\/api.w.org\/{rel}","templated":true}]}}