{"id":1906,"date":"2020-11-01T17:17:04","date_gmt":"2020-11-01T17:17:04","guid":{"rendered":"https:\/\/kaberneememarina.ee\/et\/?page_id=1906"},"modified":"2024-04-16T14:49:14","modified_gmt":"2024-04-16T14:49:14","slug":"hinnakiri","status":"publish","type":"page","link":"https:\/\/kaberneememarina.ee\/et\/hinnakiri\/","title":{"rendered":"Hinnakiri"},"content":{"rendered":"<table width=\"606\">\n<tbody>\n<tr>\n<td style=\"text-align: left\"><\/td>\n<td><\/td>\n<td><\/td>\n<td><\/td>\n<\/tr>\n<tr>\n<td style=\"text-align: left\"><strong>Kaberneeme Marina O\u00dc<\/strong><\/td>\n<td><\/td>\n<td><\/td>\n<td><\/td>\n<\/tr>\n<tr>\n<td style=\"text-align: left\"><strong>Kehtivad alates 1.aprill 2024<\/strong><\/td>\n<td><\/td>\n<td><\/td>\n<td><\/td>\n<\/tr>\n<tr>\n<td style=\"text-align: left\">\n<h3><strong>Sadamakaide kasutamise tasud<\/strong><\/h3>\n<\/td>\n<td style=\"text-align: left\">Aluse suurus<\/td>\n<td style=\"text-align: left\">kuni 5h<\/td>\n<td style=\"text-align: left\">\u00a024 h<\/td>\n<\/tr>\n<tr>\n<td style=\"text-align: left\">K\u00fclaliskohad<\/td>\n<td style=\"text-align: left\"><strong>alla 10 m<\/strong><\/td>\n<td style=\"text-align: left\"><strong>15 \u20ac<\/strong><\/td>\n<td style=\"text-align: left\"><strong>30 \u20ac<\/strong><\/td>\n<\/tr>\n<tr>\n<td><strong>\u00a0<\/strong><\/td>\n<td style=\"text-align: left\"><strong>\u00fcle 10 m<\/strong><\/td>\n<td style=\"text-align: left\"><strong>15 \u20ac<\/strong><\/td>\n<td style=\"text-align: left\"><strong>50 \u20ac<\/strong><\/td>\n<\/tr>\n<tr>\n<td><\/td>\n<td><\/td>\n<td><\/td>\n<td><\/td>\n<\/tr>\n<tr>\n<td style=\"text-align: left\">\n<h3><strong>\u00dcldine info<\/strong><\/h3>\n<\/td>\n<td><strong>\u00a0<\/strong><\/td>\n<td><strong>\u00a0<\/strong><\/td>\n<td><strong>\u00a0<\/strong><\/td>\n<\/tr>\n<tr>\n<td style=\"text-align: left\" colspan=\"4\">* K\u00fclalisalustele on sadamas sildumiseks k\u00e4igupoomide \u00e4\u00e4res 10 kohta m\u00e4rgistusega &#8220;<strong>VISITOR<\/strong>&#8220;.<\/td>\n<\/tr>\n<tr>\n<td style=\"text-align: left\" colspan=\"4\">* V\u00f5tame vastu kuni<strong> 24 m<\/strong> aluseid s\u00fcvisega <strong>2,1 m<\/strong>. Suurema pikkuse ja s\u00fcvise korral palume eelnevalt koosk\u00f5lastada sadamakapteniga telefonil <strong>+372 58 344344.<\/strong><\/td>\n<\/tr>\n<tr>\n<td colspan=\"4\"><\/td>\n<\/tr>\n<tr>\n<td style=\"text-align: left\" colspan=\"4\" width=\"606\">* Sadam on kaitstud avamere lainetuse eest, v\u00e4lja arvatud tugevate E ja SE suuna tuulte eest.<\/td>\n<\/tr>\n<tr>\n<td style=\"text-align: left\" colspan=\"4\" width=\"606\">* V\u00e4ljaspoolt <strong>Schengen<\/strong>i viisaruumi saabuvad alused peavad piirikontrolli l\u00e4bimiseks siirduma l\u00e4himasse piiripunkti (Pirita sadam) kuna Kaberneeme sadamas puudub avatud piiripunkt.<\/td>\n<\/tr>\n<tr>\n<td style=\"text-align: left\" colspan=\"4\">* Sadamast lahkumine on lubatud p\u00e4rast teenuste eest tasumist.<\/td>\n<\/tr>\n<tr style=\"height: 12px\">\n<td><\/td>\n<td><\/td>\n<td><\/td>\n<td><\/td>\n<\/tr>\n<tr>\n<td style=\"text-align: left\" colspan=\"4\">\n<h3><strong>Tasumine kaikoha kasutamise eest<\/strong><\/h3>\n<\/td>\n<\/tr>\n<tr>\n<td style=\"text-align: left\" colspan=\"4\" width=\"606\">Kaikoha kasutamise eest saab tasuda sularahas ja pangakaardiga sadama restoranis, \u00fclekandega Kaberneeme Marina O\u00dc pangakontole EE022200221060603190 m\u00e4rkides makse selgitusse aluse registreerimise numbri ja saabumise kuup\u00e4eva v\u00f5i mobiilselt helistades <u>\u00fche korra<\/u> \u00fchel alloleval tasulisel telefoninumbril olenevalt aluse suurusest ja sadamas seismise ajast:<\/p>\n<p>Tel# 70130034\u2026\u2026\u2026 15 \u20ac k\u00f5ik alused kuni 5 tunni eest<\/p>\n<p>Tel# 70130041\u2026\u2026\u2026 30 \u20ac alla 10m alused 24h eest<\/p>\n<p>Tel# 70130057\u2026\u2026\u2026 50 \u20ac \u00fcle 10m alused 24h eest<\/td>\n<\/tr>\n<tr>\n<td style=\"text-align: left\" colspan=\"4\">Mobiilselt saab tasuda Eesti mobiilside operaatori klient (Telia, TELE2, Elisa) . Hinnale lisandub operaatoritasu 0,34 \u20ac.<\/td>\n<\/tr>\n<tr style=\"height: 12px\">\n<td><\/td>\n<td><\/td>\n<td><\/td>\n<td><\/td>\n<\/tr>\n<tr>\n<td style=\"text-align: left\" colspan=\"4\">\n<h3><strong>Slipi ja parklatasud<\/strong><\/h3>\n<\/td>\n<\/tr>\n<tr>\n<td style=\"text-align: left\" colspan=\"2\">Slipi kasutamine ja auto\/paadihaagise parkimine kuni 5 tundi<\/td>\n<td><\/td>\n<td style=\"text-align: left\"><strong>25 \u20ac<\/strong><\/td>\n<\/tr>\n<tr>\n<td style=\"text-align: left\">Auto\/paadihaagise parkimine<\/td>\n<td><\/td>\n<td><\/td>\n<td><strong>\u00a0<\/strong><\/td>\n<\/tr>\n<tr>\n<td><\/td>\n<td style=\"text-align: left\" colspan=\"2\">&#8211; alates 5h kuni 24h<\/td>\n<td style=\"text-align: left\"><strong>1 \u20ac \/ tund<\/strong><\/td>\n<\/tr>\n<tr>\n<td><\/td>\n<td style=\"text-align: left\" colspan=\"2\">&#8211; iga j\u00e4rgmine alustatud 24h<\/td>\n<td style=\"text-align: left\"><strong>12 \u20ac \/ p\u00e4ev<\/strong><\/td>\n<\/tr>\n<tr>\n<td><\/td>\n<td><\/td>\n<td><\/td>\n<td><\/td>\n<\/tr>\n<tr>\n<td><\/td>\n<td><\/td>\n<td><\/td>\n<td><\/td>\n<\/tr>\n<tr>\n<td style=\"text-align: left\" colspan=\"4\">\n<h3><strong>Matkaautode parkimise tasud<\/strong><\/h3>\n<\/td>\n<\/tr>\n<tr>\n<td style=\"text-align: left\">Matkaauto parkimine<\/td>\n<td><\/td>\n<td><\/td>\n<td><strong>\u00a0<\/strong><\/td>\n<\/tr>\n<tr>\n<td><\/td>\n<td style=\"text-align: left\" colspan=\"2\">&#8211; kuni 5 tundi<\/td>\n<td style=\"text-align: left\"><strong>\u00a025 \u20ac<\/strong><\/td>\n<\/tr>\n<tr>\n<td><\/td>\n<td style=\"text-align: left\" colspan=\"2\">&#8211; alates 5h kuni 24h<\/td>\n<td style=\"text-align: left\"><strong>1 \u20ac \/ tund<\/strong><\/td>\n<\/tr>\n<tr>\n<td><\/td>\n<td style=\"text-align: left\" colspan=\"2\">&#8211; iga j\u00e4rgmine alustatud 24h<\/td>\n<td style=\"text-align: left\"><strong>12 \u20ac \/ p\u00e4ev<\/strong><\/td>\n<\/tr>\n<tr style=\"height: 12px\">\n<td><\/td>\n<td><\/td>\n<td><\/td>\n<td><\/td>\n<\/tr>\n<tr>\n<td style=\"text-align: left\" colspan=\"4\">\n<h3><strong>Tasumine slipi ja parkla kasutamise eest s.h. matkaautod<\/strong><\/h3>\n<\/td>\n<\/tr>\n<tr>\n<td style=\"text-align: left\" colspan=\"4\" width=\"606\">Slipi ja parkla kasutamise eest saab tasuda mobiilselt helistades allolevatel tasulistel telefoninumbritel:<\/p>\n<p>Tel# 70130079\u2026\u2026\u2026 sisenemisel slipiparklasse<\/p>\n<p>Tel# 70130095\u2026\u2026\u2026 v\u00e4ljumisel slipiparklast<\/td>\n<\/tr>\n<tr>\n<td style=\"text-align: left\" colspan=\"4\">Mobiilselt saab tasuda Eesti mobiilside operaatori klient (Telia, TELE2, Elisa) . Hinnale lisandub operaatoritasu 0,34 \u20ac.<\/td>\n<\/tr>\n<tr style=\"height: 12px\">\n<td width=\"327\"><\/td>\n<td width=\"99\"><\/td>\n<td width=\"92\"><\/td>\n<td width=\"88\"><\/td>\n<\/tr>\n<tr>\n<td style=\"text-align: left\" colspan=\"4\">\n<h3><strong>Sauna kasutamise tasud<\/strong><\/h3>\n<\/td>\n<\/tr>\n<tr>\n<td>&#8211; Sauna rent (min 2 h korraga)<\/td>\n<td style=\"text-align: left\" colspan=\"2\"><\/td>\n<td style=\"text-align: left\"><strong>50 \u20ac \/h<\/strong><\/td>\n<\/tr>\n<tr>\n<td colspan=\"4\">Sauna mahub mugavalt maksimaalselt 6-7 k\u00fclalist korraga<\/td>\n<\/tr>\n<tr style=\"height: 12px\">\n<td><\/td>\n<td><\/td>\n<td><\/td>\n<td><\/td>\n<\/tr>\n<tr>\n<td style=\"text-align: left\" colspan=\"4\" width=\"606\">Kaberneeme sadama pidaja on Kaberneeme Marina O\u00dc, mis tegutseb p\u00f5hikirja alusel ja on registreeritud \u00e4riregistris. Registreerimise nr. 12731757. Kaberneeme sadam on harrastusmeres\u00f5itjaid teenindav sadam, mis asub Kaberneeme idakaldal koordinaatidega: <strong>59\u00b031&#8217;12.51&#8221;N; 25\u00b016&#8217;42.23&#8221;E<\/strong>; WGS 84 koordinaatide s\u00fcsteemis.<\/td>\n<\/tr>\n<tr style=\"height: 12px\">\n<td><\/td>\n<td><\/td>\n<td><\/td>\n<td><\/td>\n<\/tr>\n<tr>\n<td style=\"text-align: left\">\n<h3 style=\"margin-bottom: 20px\"><strong>Tere tulemast KABERNEEME!<\/strong><\/h3>\n<\/td>\n<td><\/td>\n<td><\/td>\n<td><\/td>\n<\/tr>\n<tr>\n<td class=\"bold strong\" style=\"text-align: left\"><\/td>\n<td style=\"text-align: left\"><\/td>\n<td><\/td>\n<td><\/td>\n<\/tr>\n<\/tbody>\n<\/table>\n","protected":false},"excerpt":{"rendered":"<p>Kaberneeme Marina O\u00dc Kehtivad alates 1.aprill 2024 Sadamakaide kasutamise tasud Aluse suurus kuni 5h \u00a024 h K\u00fclaliskohad alla 10 m &hellip; <a href=\"https:\/\/kaberneememarina.ee\/et\/hinnakiri\/\">Continued<\/a><\/p>\n","protected":false},"author":1,"featured_media":0,"parent":0,"menu_order":0,"comment_status":"closed","ping_status":"closed","template":"","meta":{"_acf_changed":false,"footnotes":""},"acf":[],"yoast_head":"<!-- This site is optimized with the Yoast SEO plugin v22.4 - https:\/\/yoast.com\/wordpress\/plugins\/seo\/ -->\n<title>Hinnakiri - Kaberneeme sadam<\/title>\n<meta name=\"robots\" content=\"index, follow, max-snippet:-1, max-image-preview:large, max-video-preview:-1\" \/>\n<link rel=\"canonical\" href=\"https:\/\/kaberneememarina.ee\/et\/hinnakiri\/\" \/>\n<meta property=\"og:locale\" content=\"en_US\" \/>\n<meta property=\"og:type\" content=\"article\" \/>\n<meta property=\"og:title\" content=\"Hinnakiri - Kaberneeme sadam\" \/>\n<meta property=\"og:description\" content=\"Kaberneeme Marina O\u00dc Kehtivad alates 1.aprill 2024 Sadamakaide kasutamise tasud Aluse suurus kuni 5h \u00a024 h K\u00fclaliskohad alla 10 m &hellip; Continued\" \/>\n<meta property=\"og:url\" content=\"https:\/\/kaberneememarina.ee\/et\/hinnakiri\/\" \/>\n<meta property=\"og:site_name\" content=\"Kaberneeme sadam\" \/>\n<meta property=\"article:publisher\" content=\"http:\/\/www.facebook.com\/kaberneememarina\" \/>\n<meta property=\"article:modified_time\" content=\"2024-04-16T14:49:14+00:00\" \/>\n<meta name=\"twitter:card\" content=\"summary_large_image\" \/>\n<meta name=\"twitter:label1\" content=\"Est. reading time\" \/>\n\t<meta name=\"twitter:data1\" content=\"2 minutes\" \/>\n<script type=\"application\/ld+json\" class=\"yoast-schema-graph\">{\"@context\":\"https:\/\/schema.org\",\"@graph\":[{\"@type\":\"WebPage\",\"@id\":\"https:\/\/kaberneememarina.ee\/et\/hinnakiri\/\",\"url\":\"https:\/\/kaberneememarina.ee\/et\/hinnakiri\/\",\"name\":\"Hinnakiri - Kaberneeme sadam\",\"isPartOf\":{\"@id\":\"https:\/\/kaberneememarina.ee\/et\/#website\"},\"datePublished\":\"2020-11-01T17:17:04+00:00\",\"dateModified\":\"2024-04-16T14:49:14+00:00\",\"breadcrumb\":{\"@id\":\"https:\/\/kaberneememarina.ee\/et\/hinnakiri\/#breadcrumb\"},\"inLanguage\":\"en-US\",\"potentialAction\":[{\"@type\":\"ReadAction\",\"target\":[\"https:\/\/kaberneememarina.ee\/et\/hinnakiri\/\"]}]},{\"@type\":\"BreadcrumbList\",\"@id\":\"https:\/\/kaberneememarina.ee\/et\/hinnakiri\/#breadcrumb\",\"itemListElement\":[{\"@type\":\"ListItem\",\"position\":1,\"name\":\"Home\",\"item\":\"https:\/\/kaberneememarina.ee\/et\/\"},{\"@type\":\"ListItem\",\"position\":2,\"name\":\"Hinnakiri\"}]},{\"@type\":\"WebSite\",\"@id\":\"https:\/\/kaberneememarina.ee\/et\/#website\",\"url\":\"https:\/\/kaberneememarina.ee\/et\/\",\"name\":\"Kaberneeme sadam\",\"description\":\"Kolga lahe p\u00e4rl\",\"publisher\":{\"@id\":\"https:\/\/kaberneememarina.ee\/et\/#organization\"},\"potentialAction\":[{\"@type\":\"SearchAction\",\"target\":{\"@type\":\"EntryPoint\",\"urlTemplate\":\"https:\/\/kaberneememarina.ee\/et\/?s={search_term_string}\"},\"query-input\":\"required name=search_term_string\"}],\"inLanguage\":\"en-US\"},{\"@type\":\"Organization\",\"@id\":\"https:\/\/kaberneememarina.ee\/et\/#organization\",\"name\":\"Kaberneeme sadam\",\"url\":\"https:\/\/kaberneememarina.ee\/et\/\",\"logo\":{\"@type\":\"ImageObject\",\"inLanguage\":\"en-US\",\"@id\":\"https:\/\/kaberneememarina.ee\/et\/#\/schema\/logo\/image\/\",\"url\":\"https:\/\/kaberneememarina.ee\/et\/wp-content\/uploads\/sites\/2\/2020\/10\/logo.png\",\"contentUrl\":\"https:\/\/kaberneememarina.ee\/et\/wp-content\/uploads\/sites\/2\/2020\/10\/logo.png\",\"width\":150,\"height\":149,\"caption\":\"Kaberneeme sadam\"},\"image\":{\"@id\":\"https:\/\/kaberneememarina.ee\/et\/#\/schema\/logo\/image\/\"},\"sameAs\":[\"http:\/\/www.facebook.com\/kaberneememarina\"]}]}<\/script>\n<!-- \/ Yoast SEO plugin. -->","yoast_head_json":{"title":"Hinnakiri - Kaberneeme sadam","robots":{"index":"index","follow":"follow","max-snippet":"max-snippet:-1","max-image-preview":"max-image-preview:large","max-video-preview":"max-video-preview:-1"},"canonical":"https:\/\/kaberneememarina.ee\/et\/hinnakiri\/","og_locale":"en_US","og_type":"article","og_title":"Hinnakiri - Kaberneeme sadam","og_description":"Kaberneeme Marina O\u00dc Kehtivad alates 1.aprill 2024 Sadamakaide kasutamise tasud Aluse suurus kuni 5h \u00a024 h K\u00fclaliskohad alla 10 m &hellip; Continued","og_url":"https:\/\/kaberneememarina.ee\/et\/hinnakiri\/","og_site_name":"Kaberneeme sadam","article_publisher":"http:\/\/www.facebook.com\/kaberneememarina","article_modified_time":"2024-04-16T14:49:14+00:00","twitter_card":"summary_large_image","twitter_misc":{"Est. reading time":"2 minutes"},"schema":{"@context":"https:\/\/schema.org","@graph":[{"@type":"WebPage","@id":"https:\/\/kaberneememarina.ee\/et\/hinnakiri\/","url":"https:\/\/kaberneememarina.ee\/et\/hinnakiri\/","name":"Hinnakiri - Kaberneeme sadam","isPartOf":{"@id":"https:\/\/kaberneememarina.ee\/et\/#website"},"datePublished":"2020-11-01T17:17:04+00:00","dateModified":"2024-04-16T14:49:14+00:00","breadcrumb":{"@id":"https:\/\/kaberneememarina.ee\/et\/hinnakiri\/#breadcrumb"},"inLanguage":"en-US","potentialAction":[{"@type":"ReadAction","target":["https:\/\/kaberneememarina.ee\/et\/hinnakiri\/"]}]},{"@type":"BreadcrumbList","@id":"https:\/\/kaberneememarina.ee\/et\/hinnakiri\/#breadcrumb","itemListElement":[{"@type":"ListItem","position":1,"name":"Home","item":"https:\/\/kaberneememarina.ee\/et\/"},{"@type":"ListItem","position":2,"name":"Hinnakiri"}]},{"@type":"WebSite","@id":"https:\/\/kaberneememarina.ee\/et\/#website","url":"https:\/\/kaberneememarina.ee\/et\/","name":"Kaberneeme sadam","description":"Kolga lahe p\u00e4rl","publisher":{"@id":"https:\/\/kaberneememarina.ee\/et\/#organization"},"potentialAction":[{"@type":"SearchAction","target":{"@type":"EntryPoint","urlTemplate":"https:\/\/kaberneememarina.ee\/et\/?s={search_term_string}"},"query-input":"required name=search_term_string"}],"inLanguage":"en-US"},{"@type":"Organization","@id":"https:\/\/kaberneememarina.ee\/et\/#organization","name":"Kaberneeme sadam","url":"https:\/\/kaberneememarina.ee\/et\/","logo":{"@type":"ImageObject","inLanguage":"en-US","@id":"https:\/\/kaberneememarina.ee\/et\/#\/schema\/logo\/image\/","url":"https:\/\/kaberneememarina.ee\/et\/wp-content\/uploads\/sites\/2\/2020\/10\/logo.png","contentUrl":"https:\/\/kaberneememarina.ee\/et\/wp-content\/uploads\/sites\/2\/2020\/10\/logo.png","width":150,"height":149,"caption":"Kaberneeme sadam"},"image":{"@id":"https:\/\/kaberneememarina.ee\/et\/#\/schema\/logo\/image\/"},"sameAs":["http:\/\/www.facebook.com\/kaberneememarina"]}]}},"_links":{"self":[{"href":"https:\/\/kaberneememarina.ee\/et\/wp-json\/wp\/v2\/pages\/1906"}],"collection":[{"href":"https:\/\/kaberneememarina.ee\/et\/wp-json\/wp\/v2\/pages"}],"about":[{"href":"https:\/\/kaberneememarina.ee\/et\/wp-json\/wp\/v2\/types\/page"}],"author":[{"embeddable":true,"href":"https:\/\/kaberneememarina.ee\/et\/wp-json\/wp\/v2\/users\/1"}],"replies":[{"embeddable":true,"href":"https:\/\/kaberneememarina.ee\/et\/wp-json\/wp\/v2\/comments?post=1906"}],"version-history":[{"count":13,"href":"https:\/\/kaberneememarina.ee\/et\/wp-json\/wp\/v2\/pages\/1906\/revisions"}],"predecessor-version":[{"id":2203,"href":"https:\/\/kaberneememarina.ee\/et\/wp-json\/wp\/v2\/pages\/1906\/revisions\/2203"}],"wp:attachment":[{"href":"https:\/\/kaberneememarina.ee\/et\/wp-json\/wp\/v2\/media?parent=1906"}],"curies":[{"name":"wp","href":"https:\/\/api.w.org\/{rel}","templated":true}]}}