{"id":1910,"date":"2020-11-01T17:17:34","date_gmt":"2020-11-01T17:17:34","guid":{"rendered":"https:\/\/kaberneememarina.ee\/et\/?page_id=1910"},"modified":"2020-11-14T20:50:23","modified_gmt":"2020-11-14T20:50:23","slug":"tankla","status":"publish","type":"page","link":"https:\/\/kaberneememarina.ee\/et\/tankla\/","title":{"rendered":"Tankla"},"content":{"rendered":"<p>2016.aastal Kaberneeme sadamas avatud tankla on j\u00e4rjekorras seitsmes Alexela Oil sadamatankla. K\u00f5ikides Alexela sadamatanklates on m\u00fc\u00fcgil bensiin 95 ja diislik\u00fctus. Tanklatesse p\u00e4\u00e4seb p\u00e4evasel ajal ka maismaad pidi, mis v\u00f5imaldab tankida ka v\u00e4iketehnikat (muruniidukid jms.). Sadamatanklates saab maksta ainult Alexela maksekaardi v\u00f5i pangakaardiga.<br \/>\n<a href=\"http:\/\/www.alexela.ee\/est\/uudised\/94\/alexela-avas-uue-tankla-kaberneemes\">Loe l\u00e4hemalt siit.<\/a><\/p>\n","protected":false},"excerpt":{"rendered":"<p>2016.aastal Kaberneeme sadamas avatud tankla on j\u00e4rjekorras seitsmes Alexela Oil sadamatankla. K\u00f5ikides Alexela sadamatanklates on m\u00fc\u00fcgil bensiin 95 ja diislik\u00fctus. &hellip; <a href=\"https:\/\/kaberneememarina.ee\/et\/tankla\/\">Continued<\/a><\/p>\n","protected":false},"author":1,"featured_media":0,"parent":0,"menu_order":0,"comment_status":"closed","ping_status":"closed","template":"","meta":{"_acf_changed":false,"footnotes":""},"acf":[],"yoast_head":"<!-- This site is optimized with the Yoast SEO plugin v22.4 - https:\/\/yoast.com\/wordpress\/plugins\/seo\/ -->\n<title>Tankla - Kaberneeme sadam<\/title>\n<meta name=\"robots\" content=\"index, follow, max-snippet:-1, max-image-preview:large, max-video-preview:-1\" \/>\n<link rel=\"canonical\" href=\"https:\/\/kaberneememarina.ee\/et\/tankla\/\" \/>\n<meta property=\"og:locale\" content=\"en_US\" \/>\n<meta property=\"og:type\" content=\"article\" \/>\n<meta property=\"og:title\" content=\"Tankla - Kaberneeme sadam\" \/>\n<meta property=\"og:description\" content=\"2016.aastal Kaberneeme sadamas avatud tankla on j\u00e4rjekorras seitsmes Alexela Oil sadamatankla. K\u00f5ikides Alexela sadamatanklates on m\u00fc\u00fcgil bensiin 95 ja diislik\u00fctus. &hellip; Continued\" \/>\n<meta property=\"og:url\" content=\"https:\/\/kaberneememarina.ee\/et\/tankla\/\" \/>\n<meta property=\"og:site_name\" content=\"Kaberneeme sadam\" \/>\n<meta property=\"article:publisher\" content=\"http:\/\/www.facebook.com\/kaberneememarina\" \/>\n<meta property=\"article:modified_time\" content=\"2020-11-14T20:50:23+00:00\" \/>\n<meta name=\"twitter:card\" content=\"summary_large_image\" \/>\n<script type=\"application\/ld+json\" class=\"yoast-schema-graph\">{\"@context\":\"https:\/\/schema.org\",\"@graph\":[{\"@type\":\"WebPage\",\"@id\":\"https:\/\/kaberneememarina.ee\/et\/tankla\/\",\"url\":\"https:\/\/kaberneememarina.ee\/et\/tankla\/\",\"name\":\"Tankla - Kaberneeme sadam\",\"isPartOf\":{\"@id\":\"https:\/\/kaberneememarina.ee\/et\/#website\"},\"datePublished\":\"2020-11-01T17:17:34+00:00\",\"dateModified\":\"2020-11-14T20:50:23+00:00\",\"breadcrumb\":{\"@id\":\"https:\/\/kaberneememarina.ee\/et\/tankla\/#breadcrumb\"},\"inLanguage\":\"en-US\",\"potentialAction\":[{\"@type\":\"ReadAction\",\"target\":[\"https:\/\/kaberneememarina.ee\/et\/tankla\/\"]}]},{\"@type\":\"BreadcrumbList\",\"@id\":\"https:\/\/kaberneememarina.ee\/et\/tankla\/#breadcrumb\",\"itemListElement\":[{\"@type\":\"ListItem\",\"position\":1,\"name\":\"Home\",\"item\":\"https:\/\/kaberneememarina.ee\/et\/\"},{\"@type\":\"ListItem\",\"position\":2,\"name\":\"Tankla\"}]},{\"@type\":\"WebSite\",\"@id\":\"https:\/\/kaberneememarina.ee\/et\/#website\",\"url\":\"https:\/\/kaberneememarina.ee\/et\/\",\"name\":\"Kaberneeme sadam\",\"description\":\"Kolga lahe p\u00e4rl\",\"publisher\":{\"@id\":\"https:\/\/kaberneememarina.ee\/et\/#organization\"},\"potentialAction\":[{\"@type\":\"SearchAction\",\"target\":{\"@type\":\"EntryPoint\",\"urlTemplate\":\"https:\/\/kaberneememarina.ee\/et\/?s={search_term_string}\"},\"query-input\":\"required name=search_term_string\"}],\"inLanguage\":\"en-US\"},{\"@type\":\"Organization\",\"@id\":\"https:\/\/kaberneememarina.ee\/et\/#organization\",\"name\":\"Kaberneeme sadam\",\"url\":\"https:\/\/kaberneememarina.ee\/et\/\",\"logo\":{\"@type\":\"ImageObject\",\"inLanguage\":\"en-US\",\"@id\":\"https:\/\/kaberneememarina.ee\/et\/#\/schema\/logo\/image\/\",\"url\":\"https:\/\/kaberneememarina.ee\/et\/wp-content\/uploads\/sites\/2\/2020\/10\/logo.png\",\"contentUrl\":\"https:\/\/kaberneememarina.ee\/et\/wp-content\/uploads\/sites\/2\/2020\/10\/logo.png\",\"width\":150,\"height\":149,\"caption\":\"Kaberneeme sadam\"},\"image\":{\"@id\":\"https:\/\/kaberneememarina.ee\/et\/#\/schema\/logo\/image\/\"},\"sameAs\":[\"http:\/\/www.facebook.com\/kaberneememarina\"]}]}<\/script>\n<!-- \/ Yoast SEO plugin. -->","yoast_head_json":{"title":"Tankla - Kaberneeme sadam","robots":{"index":"index","follow":"follow","max-snippet":"max-snippet:-1","max-image-preview":"max-image-preview:large","max-video-preview":"max-video-preview:-1"},"canonical":"https:\/\/kaberneememarina.ee\/et\/tankla\/","og_locale":"en_US","og_type":"article","og_title":"Tankla - Kaberneeme sadam","og_description":"2016.aastal Kaberneeme sadamas avatud tankla on j\u00e4rjekorras seitsmes Alexela Oil sadamatankla. K\u00f5ikides Alexela sadamatanklates on m\u00fc\u00fcgil bensiin 95 ja diislik\u00fctus. &hellip; Continued","og_url":"https:\/\/kaberneememarina.ee\/et\/tankla\/","og_site_name":"Kaberneeme sadam","article_publisher":"http:\/\/www.facebook.com\/kaberneememarina","article_modified_time":"2020-11-14T20:50:23+00:00","twitter_card":"summary_large_image","schema":{"@context":"https:\/\/schema.org","@graph":[{"@type":"WebPage","@id":"https:\/\/kaberneememarina.ee\/et\/tankla\/","url":"https:\/\/kaberneememarina.ee\/et\/tankla\/","name":"Tankla - Kaberneeme sadam","isPartOf":{"@id":"https:\/\/kaberneememarina.ee\/et\/#website"},"datePublished":"2020-11-01T17:17:34+00:00","dateModified":"2020-11-14T20:50:23+00:00","breadcrumb":{"@id":"https:\/\/kaberneememarina.ee\/et\/tankla\/#breadcrumb"},"inLanguage":"en-US","potentialAction":[{"@type":"ReadAction","target":["https:\/\/kaberneememarina.ee\/et\/tankla\/"]}]},{"@type":"BreadcrumbList","@id":"https:\/\/kaberneememarina.ee\/et\/tankla\/#breadcrumb","itemListElement":[{"@type":"ListItem","position":1,"name":"Home","item":"https:\/\/kaberneememarina.ee\/et\/"},{"@type":"ListItem","position":2,"name":"Tankla"}]},{"@type":"WebSite","@id":"https:\/\/kaberneememarina.ee\/et\/#website","url":"https:\/\/kaberneememarina.ee\/et\/","name":"Kaberneeme sadam","description":"Kolga lahe p\u00e4rl","publisher":{"@id":"https:\/\/kaberneememarina.ee\/et\/#organization"},"potentialAction":[{"@type":"SearchAction","target":{"@type":"EntryPoint","urlTemplate":"https:\/\/kaberneememarina.ee\/et\/?s={search_term_string}"},"query-input":"required name=search_term_string"}],"inLanguage":"en-US"},{"@type":"Organization","@id":"https:\/\/kaberneememarina.ee\/et\/#organization","name":"Kaberneeme sadam","url":"https:\/\/kaberneememarina.ee\/et\/","logo":{"@type":"ImageObject","inLanguage":"en-US","@id":"https:\/\/kaberneememarina.ee\/et\/#\/schema\/logo\/image\/","url":"https:\/\/kaberneememarina.ee\/et\/wp-content\/uploads\/sites\/2\/2020\/10\/logo.png","contentUrl":"https:\/\/kaberneememarina.ee\/et\/wp-content\/uploads\/sites\/2\/2020\/10\/logo.png","width":150,"height":149,"caption":"Kaberneeme sadam"},"image":{"@id":"https:\/\/kaberneememarina.ee\/et\/#\/schema\/logo\/image\/"},"sameAs":["http:\/\/www.facebook.com\/kaberneememarina"]}]}},"_links":{"self":[{"href":"https:\/\/kaberneememarina.ee\/et\/wp-json\/wp\/v2\/pages\/1910"}],"collection":[{"href":"https:\/\/kaberneememarina.ee\/et\/wp-json\/wp\/v2\/pages"}],"about":[{"href":"https:\/\/kaberneememarina.ee\/et\/wp-json\/wp\/v2\/types\/page"}],"author":[{"embeddable":true,"href":"https:\/\/kaberneememarina.ee\/et\/wp-json\/wp\/v2\/users\/1"}],"replies":[{"embeddable":true,"href":"https:\/\/kaberneememarina.ee\/et\/wp-json\/wp\/v2\/comments?post=1910"}],"version-history":[{"count":4,"href":"https:\/\/kaberneememarina.ee\/et\/wp-json\/wp\/v2\/pages\/1910\/revisions"}],"predecessor-version":[{"id":1989,"href":"https:\/\/kaberneememarina.ee\/et\/wp-json\/wp\/v2\/pages\/1910\/revisions\/1989"}],"wp:attachment":[{"href":"https:\/\/kaberneememarina.ee\/et\/wp-json\/wp\/v2\/media?parent=1910"}],"curies":[{"name":"wp","href":"https:\/\/api.w.org\/{rel}","templated":true}]}}