{"id":1914,"date":"2020-11-01T17:18:23","date_gmt":"2020-11-01T17:18:23","guid":{"rendered":"https:\/\/kaberneememarina.ee\/et\/?page_id=1914"},"modified":"2023-04-10T11:56:29","modified_gmt":"2023-04-10T11:56:29","slug":"pop-up-kiosk","status":"publish","type":"page","link":"https:\/\/kaberneememarina.ee\/et\/pop-up-kiosk\/","title":{"rendered":"Pop-up kiosk"},"content":{"rendered":"<h4 style=\"text-align: center\">Kaberneeme sadamakiosk<\/h4>\n<hr \/>\n<p><img loading=\"lazy\" decoding=\"async\" class=\"wp-image-2143 alignleft\" src=\"https:\/\/kaberneememarina.ee\/et\/wp-content\/uploads\/sites\/2\/2023\/04\/IMG-7131-e1586361735549-1-e1681120731390-300x269.jpg\" alt=\"\" width=\"203\" height=\"182\" srcset=\"https:\/\/kaberneememarina.ee\/et\/wp-content\/uploads\/sites\/2\/2023\/04\/IMG-7131-e1586361735549-1-e1681120731390-300x269.jpg 300w, https:\/\/kaberneememarina.ee\/et\/wp-content\/uploads\/sites\/2\/2023\/04\/IMG-7131-e1586361735549-1-e1681120731390-768x688.jpg 768w, https:\/\/kaberneememarina.ee\/et\/wp-content\/uploads\/sites\/2\/2023\/04\/IMG-7131-e1586361735549-1-e1681120731390.jpg 921w\" sizes=\"(max-width: 203px) 100vw, 203px\" \/><\/p>\n<p>&#8230; avati selleks, et sadama k\u00fclastajatel oleks r\u00f5\u00f5mu sadama s\u00fcmboolikaga esemete, <a href=\"https:\/\/minusadam.com\/et\/\">MinuSadam<\/a> ja <a href=\"https:\/\/kamamood.com\/\">KA:MA<\/a> kaubam\u00e4rgi all valminud k\u00e4sit\u00f6\u00f6 soetamisest. Tehes ostu sadamakioskist toetad nii meile endale kalli kui teistelegi k\u00fclastajatele v\u00e4\u00e4rtusliku sadamakeskkonna arendamist.<\/p>\n<hr \/>\n<p><strong><em>Pop-up kiosk on avatud alates juulist, 2023<\/em><\/strong>. T\u00e4psemaid lahtiolekuaegu saab vaadata <a href=\"https:\/\/www.facebook.com\/minusadamcrafts\">MinuSadam Facebook\u00b4i<\/a> lehel. Tooted valmivad piiratud kogustes v\u00f5i tellimisel ning neid saab endale soetada Kaberneeme sadamas v\u00f5i otse valmistajalt: <a>&#105;n&#102;&#111;&#64;&#109;&#105;n&#117;&#115;&#97;&#100;&#97;&#109;.com<\/a> ja <a href=\"javascript:DeCryptX('3r2t1e0e0r0@3n2c0m2c3p1p1p1e312e1p2o')\">ord&#101;r&#64;k&#97;&#109;a&#109;o&#111;&#100;&#46;co&#109;<\/a><\/a>.<\/p>\n<hr \/>\n<p><a href=\"https:\/\/kaberneememarina.ee\/et\/wp-content\/uploads\/sites\/2\/2018\/07\/DSC1066_1-e1586364053867.jpg\"><img loading=\"lazy\" decoding=\"async\" class=\"alignleft wp-image-1298\" src=\"https:\/\/kaberneememarina.ee\/et\/wp-content\/uploads\/sites\/2\/2018\/07\/DSC1066_1-e1586364053867.jpg\" alt=\"\" width=\"203\" height=\"192\" srcset=\"https:\/\/kaberneememarina.ee\/et\/wp-content\/uploads\/sites\/2\/2018\/07\/DSC1066_1-e1586364053867.jpg 1200w, https:\/\/kaberneememarina.ee\/et\/wp-content\/uploads\/sites\/2\/2018\/07\/DSC1066_1-e1586364053867-300x284.jpg 300w, https:\/\/kaberneememarina.ee\/et\/wp-content\/uploads\/sites\/2\/2018\/07\/DSC1066_1-e1586364053867-1024x970.jpg 1024w, https:\/\/kaberneememarina.ee\/et\/wp-content\/uploads\/sites\/2\/2018\/07\/DSC1066_1-e1586364053867-768x728.jpg 768w\" sizes=\"(max-width: 203px) 100vw, 203px\" \/><\/a><\/p>\n<p>Kaberneeme sadama kaubam\u00e4rkide saamislugudest saad lugeda siit:<\/p>\n<p><a href=\"https:\/\/minusadam.com\/et\/meie-lugu\/\">Meie lugu \u2013 Minusadam ET<\/a><br \/>\n<a href=\"https:\/\/kamamood.com\/kasitoobrand-kama\/\">Mis on KA:MA?<\/a><br \/>\n<span style=\"color: #ffffff\">&#8230;<\/span><br \/>\n<span style=\"color: #000000\"><span style=\"color: #ffffff\">&#8230;<\/span><br \/>\n<span style=\"color: #ffffff\">&#8230;<\/span><br \/>\n<span style=\"color: #ffffff\">&#8230;<\/span><\/span><\/p>\n<p>&nbsp;<\/p>\n<hr \/>\n<p><a href=\"https:\/\/kaberneememarina.ee\/et\/wp-content\/uploads\/sites\/2\/2020\/04\/IMG-7705-e1586361804401.jpg\"><img loading=\"lazy\" decoding=\"async\" class=\"wp-image-1912 alignleft\" src=\"https:\/\/kaberneememarina.ee\/et\/wp-content\/uploads\/sites\/2\/2020\/04\/IMG-7705-e1586361804401.jpg\" alt=\"\" width=\"203\" height=\"203\" srcset=\"https:\/\/kaberneememarina.ee\/et\/wp-content\/uploads\/sites\/2\/2020\/04\/IMG-7705-e1586361804401.jpg 1100w, https:\/\/kaberneememarina.ee\/et\/wp-content\/uploads\/sites\/2\/2020\/04\/IMG-7705-e1586361804401-300x300.jpg 300w, https:\/\/kaberneememarina.ee\/et\/wp-content\/uploads\/sites\/2\/2020\/04\/IMG-7705-e1586361804401-1024x1024.jpg 1024w, https:\/\/kaberneememarina.ee\/et\/wp-content\/uploads\/sites\/2\/2020\/04\/IMG-7705-e1586361804401-150x150.jpg 150w, https:\/\/kaberneememarina.ee\/et\/wp-content\/uploads\/sites\/2\/2020\/04\/IMG-7705-e1586361804401-768x768.jpg 768w\" sizes=\"(max-width: 203px) 100vw, 203px\" \/><\/a>Kioskist saab osta ka kohvi, teed ja karastusjooke, <strong><a href=\"https:\/\/lamuu.ee\/\">La Muu j\u00e4\u00e4tist<\/a><\/strong> ning vahest ka koduseid k\u00fcpsetisi. KA:MA k\u00e4sit\u00f6\u00f6 k\u00f5rval leiab lettidelt ka kodumaiseid unen\u00e4op\u00fc\u00fcdjaid\u00a0<strong><a href=\"https:\/\/www.facebook.com\/silmastsilma\/\">Silmast Silma<\/a><\/strong> k\u00e4sit\u00f6\u00f6meistritelt ning Aksi saare Manni kootud pitsilisi villaseid sokke naistele ja veidi \u2018karusemaid\u2019 villaseid sokke meestele.<\/p>\n<hr \/>\n<p>&nbsp;<\/p>\n<p>&nbsp;<\/p>\n<p>&nbsp;<\/p>\n","protected":false},"excerpt":{"rendered":"<p>Kaberneeme sadamakiosk &#8230; avati selleks, et sadama k\u00fclastajatel oleks r\u00f5\u00f5mu sadama s\u00fcmboolikaga esemete, MinuSadam ja KA:MA kaubam\u00e4rgi all valminud k\u00e4sit\u00f6\u00f6 &hellip; <a href=\"https:\/\/kaberneememarina.ee\/et\/pop-up-kiosk\/\">Continued<\/a><\/p>\n","protected":false},"author":1,"featured_media":0,"parent":0,"menu_order":0,"comment_status":"closed","ping_status":"closed","template":"","meta":{"_acf_changed":false,"footnotes":""},"acf":[],"yoast_head":"<!-- This site is optimized with the Yoast SEO plugin v22.4 - https:\/\/yoast.com\/wordpress\/plugins\/seo\/ -->\n<title>Pop-up kiosk - Kaberneeme sadam<\/title>\n<meta name=\"description\" content=\"Kaberneeme sadamakiosk avati, et sadama k\u00fclastajatel oleks r\u00f5\u00f5mu sadama s\u00fcmboolikaga esemete, MinuSadam ja KA:MA kaubam\u00e4rgi all valminud k\u00e4sit\u00f6\u00f6 soetamisest. \u2026 avati selleks, et sadama k\u00fclastajatel oleks r\u00f5\u00f5mu sadama s\u00fcmboolikaga esemete, MinuSadam ja KA:MA kaubam\u00e4rgi all valminud k\u00e4sit\u00f6\u00f6 soetamisest. Tehes ostu sadamakioskist toetad nii meile endale kalli kui teistelegi k\u00fclastajatele v\u00e4\u00e4rtusliku sadamakeskkonna arendamist.\" \/>\n<meta name=\"robots\" content=\"index, follow, max-snippet:-1, max-image-preview:large, max-video-preview:-1\" \/>\n<link rel=\"canonical\" href=\"https:\/\/kaberneememarina.ee\/et\/pop-up-kiosk\/\" \/>\n<meta property=\"og:locale\" content=\"en_US\" \/>\n<meta property=\"og:type\" content=\"article\" \/>\n<meta property=\"og:title\" content=\"Pop-up kiosk - Kaberneeme sadam\" \/>\n<meta property=\"og:description\" content=\"Kaberneeme sadamakiosk avati, et sadama k\u00fclastajatel oleks r\u00f5\u00f5mu sadama s\u00fcmboolikaga esemete, MinuSadam ja KA:MA kaubam\u00e4rgi all valminud k\u00e4sit\u00f6\u00f6 soetamisest. \u2026 avati selleks, et sadama k\u00fclastajatel oleks r\u00f5\u00f5mu sadama s\u00fcmboolikaga esemete, MinuSadam ja KA:MA kaubam\u00e4rgi all valminud k\u00e4sit\u00f6\u00f6 soetamisest. Tehes ostu sadamakioskist toetad nii meile endale kalli kui teistelegi k\u00fclastajatele v\u00e4\u00e4rtusliku sadamakeskkonna arendamist.\" \/>\n<meta property=\"og:url\" content=\"https:\/\/kaberneememarina.ee\/et\/pop-up-kiosk\/\" \/>\n<meta property=\"og:site_name\" content=\"Kaberneeme sadam\" \/>\n<meta property=\"article:publisher\" content=\"http:\/\/www.facebook.com\/kaberneememarina\" \/>\n<meta property=\"article:modified_time\" content=\"2023-04-10T11:56:29+00:00\" \/>\n<meta property=\"og:image\" content=\"https:\/\/kaberneememarina.ee\/et\/wp-content\/uploads\/sites\/2\/2023\/04\/IMG-7131-e1586361735549-1-e1681120731390-300x269.jpg\" \/>\n<meta name=\"twitter:card\" content=\"summary_large_image\" \/>\n<meta name=\"twitter:label1\" content=\"Est. reading time\" \/>\n\t<meta name=\"twitter:data1\" content=\"1 minute\" \/>\n<script type=\"application\/ld+json\" class=\"yoast-schema-graph\">{\"@context\":\"https:\/\/schema.org\",\"@graph\":[{\"@type\":\"WebPage\",\"@id\":\"https:\/\/kaberneememarina.ee\/et\/pop-up-kiosk\/\",\"url\":\"https:\/\/kaberneememarina.ee\/et\/pop-up-kiosk\/\",\"name\":\"Pop-up kiosk - Kaberneeme sadam\",\"isPartOf\":{\"@id\":\"https:\/\/kaberneememarina.ee\/et\/#website\"},\"primaryImageOfPage\":{\"@id\":\"https:\/\/kaberneememarina.ee\/et\/pop-up-kiosk\/#primaryimage\"},\"image\":{\"@id\":\"https:\/\/kaberneememarina.ee\/et\/pop-up-kiosk\/#primaryimage\"},\"thumbnailUrl\":\"https:\/\/kaberneememarina.ee\/et\/wp-content\/uploads\/sites\/2\/2023\/04\/IMG-7131-e1586361735549-1-e1681120731390-300x269.jpg\",\"datePublished\":\"2020-11-01T17:18:23+00:00\",\"dateModified\":\"2023-04-10T11:56:29+00:00\",\"description\":\"Kaberneeme sadamakiosk avati, et sadama k\u00fclastajatel oleks r\u00f5\u00f5mu sadama s\u00fcmboolikaga esemete, MinuSadam ja KA:MA kaubam\u00e4rgi all valminud k\u00e4sit\u00f6\u00f6 soetamisest. \u2026 avati selleks, et sadama k\u00fclastajatel oleks r\u00f5\u00f5mu sadama s\u00fcmboolikaga esemete, MinuSadam ja KA:MA kaubam\u00e4rgi all valminud k\u00e4sit\u00f6\u00f6 soetamisest. Tehes ostu sadamakioskist toetad nii meile endale kalli kui teistelegi k\u00fclastajatele v\u00e4\u00e4rtusliku sadamakeskkonna arendamist.\",\"breadcrumb\":{\"@id\":\"https:\/\/kaberneememarina.ee\/et\/pop-up-kiosk\/#breadcrumb\"},\"inLanguage\":\"en-US\",\"potentialAction\":[{\"@type\":\"ReadAction\",\"target\":[\"https:\/\/kaberneememarina.ee\/et\/pop-up-kiosk\/\"]}]},{\"@type\":\"ImageObject\",\"inLanguage\":\"en-US\",\"@id\":\"https:\/\/kaberneememarina.ee\/et\/pop-up-kiosk\/#primaryimage\",\"url\":\"https:\/\/kaberneememarina.ee\/et\/wp-content\/uploads\/sites\/2\/2023\/04\/IMG-7131-e1586361735549-1-e1681120731390.jpg\",\"contentUrl\":\"https:\/\/kaberneememarina.ee\/et\/wp-content\/uploads\/sites\/2\/2023\/04\/IMG-7131-e1586361735549-1-e1681120731390.jpg\",\"width\":921,\"height\":825},{\"@type\":\"BreadcrumbList\",\"@id\":\"https:\/\/kaberneememarina.ee\/et\/pop-up-kiosk\/#breadcrumb\",\"itemListElement\":[{\"@type\":\"ListItem\",\"position\":1,\"name\":\"Home\",\"item\":\"https:\/\/kaberneememarina.ee\/et\/\"},{\"@type\":\"ListItem\",\"position\":2,\"name\":\"Pop-up kiosk\"}]},{\"@type\":\"WebSite\",\"@id\":\"https:\/\/kaberneememarina.ee\/et\/#website\",\"url\":\"https:\/\/kaberneememarina.ee\/et\/\",\"name\":\"Kaberneeme sadam\",\"description\":\"Kolga lahe p\u00e4rl\",\"publisher\":{\"@id\":\"https:\/\/kaberneememarina.ee\/et\/#organization\"},\"potentialAction\":[{\"@type\":\"SearchAction\",\"target\":{\"@type\":\"EntryPoint\",\"urlTemplate\":\"https:\/\/kaberneememarina.ee\/et\/?s={search_term_string}\"},\"query-input\":\"required name=search_term_string\"}],\"inLanguage\":\"en-US\"},{\"@type\":\"Organization\",\"@id\":\"https:\/\/kaberneememarina.ee\/et\/#organization\",\"name\":\"Kaberneeme sadam\",\"url\":\"https:\/\/kaberneememarina.ee\/et\/\",\"logo\":{\"@type\":\"ImageObject\",\"inLanguage\":\"en-US\",\"@id\":\"https:\/\/kaberneememarina.ee\/et\/#\/schema\/logo\/image\/\",\"url\":\"https:\/\/kaberneememarina.ee\/et\/wp-content\/uploads\/sites\/2\/2020\/10\/logo.png\",\"contentUrl\":\"https:\/\/kaberneememarina.ee\/et\/wp-content\/uploads\/sites\/2\/2020\/10\/logo.png\",\"width\":150,\"height\":149,\"caption\":\"Kaberneeme sadam\"},\"image\":{\"@id\":\"https:\/\/kaberneememarina.ee\/et\/#\/schema\/logo\/image\/\"},\"sameAs\":[\"http:\/\/www.facebook.com\/kaberneememarina\"]}]}<\/script>\n<!-- \/ Yoast SEO plugin. -->","yoast_head_json":{"title":"Pop-up kiosk - Kaberneeme sadam","description":"Kaberneeme sadamakiosk avati, et sadama k\u00fclastajatel oleks r\u00f5\u00f5mu sadama s\u00fcmboolikaga esemete, MinuSadam ja KA:MA kaubam\u00e4rgi all valminud k\u00e4sit\u00f6\u00f6 soetamisest. \u2026 avati selleks, et sadama k\u00fclastajatel oleks r\u00f5\u00f5mu sadama s\u00fcmboolikaga esemete, MinuSadam ja KA:MA kaubam\u00e4rgi all valminud k\u00e4sit\u00f6\u00f6 soetamisest. Tehes ostu sadamakioskist toetad nii meile endale kalli kui teistelegi k\u00fclastajatele v\u00e4\u00e4rtusliku sadamakeskkonna arendamist.","robots":{"index":"index","follow":"follow","max-snippet":"max-snippet:-1","max-image-preview":"max-image-preview:large","max-video-preview":"max-video-preview:-1"},"canonical":"https:\/\/kaberneememarina.ee\/et\/pop-up-kiosk\/","og_locale":"en_US","og_type":"article","og_title":"Pop-up kiosk - Kaberneeme sadam","og_description":"Kaberneeme sadamakiosk avati, et sadama k\u00fclastajatel oleks r\u00f5\u00f5mu sadama s\u00fcmboolikaga esemete, MinuSadam ja KA:MA kaubam\u00e4rgi all valminud k\u00e4sit\u00f6\u00f6 soetamisest. \u2026 avati selleks, et sadama k\u00fclastajatel oleks r\u00f5\u00f5mu sadama s\u00fcmboolikaga esemete, MinuSadam ja KA:MA kaubam\u00e4rgi all valminud k\u00e4sit\u00f6\u00f6 soetamisest. Tehes ostu sadamakioskist toetad nii meile endale kalli kui teistelegi k\u00fclastajatele v\u00e4\u00e4rtusliku sadamakeskkonna arendamist.","og_url":"https:\/\/kaberneememarina.ee\/et\/pop-up-kiosk\/","og_site_name":"Kaberneeme sadam","article_publisher":"http:\/\/www.facebook.com\/kaberneememarina","article_modified_time":"2023-04-10T11:56:29+00:00","og_image":[{"url":"https:\/\/kaberneememarina.ee\/et\/wp-content\/uploads\/sites\/2\/2023\/04\/IMG-7131-e1586361735549-1-e1681120731390-300x269.jpg"}],"twitter_card":"summary_large_image","twitter_misc":{"Est. reading time":"1 minute"},"schema":{"@context":"https:\/\/schema.org","@graph":[{"@type":"WebPage","@id":"https:\/\/kaberneememarina.ee\/et\/pop-up-kiosk\/","url":"https:\/\/kaberneememarina.ee\/et\/pop-up-kiosk\/","name":"Pop-up kiosk - Kaberneeme sadam","isPartOf":{"@id":"https:\/\/kaberneememarina.ee\/et\/#website"},"primaryImageOfPage":{"@id":"https:\/\/kaberneememarina.ee\/et\/pop-up-kiosk\/#primaryimage"},"image":{"@id":"https:\/\/kaberneememarina.ee\/et\/pop-up-kiosk\/#primaryimage"},"thumbnailUrl":"https:\/\/kaberneememarina.ee\/et\/wp-content\/uploads\/sites\/2\/2023\/04\/IMG-7131-e1586361735549-1-e1681120731390-300x269.jpg","datePublished":"2020-11-01T17:18:23+00:00","dateModified":"2023-04-10T11:56:29+00:00","description":"Kaberneeme sadamakiosk avati, et sadama k\u00fclastajatel oleks r\u00f5\u00f5mu sadama s\u00fcmboolikaga esemete, MinuSadam ja KA:MA kaubam\u00e4rgi all valminud k\u00e4sit\u00f6\u00f6 soetamisest. \u2026 avati selleks, et sadama k\u00fclastajatel oleks r\u00f5\u00f5mu sadama s\u00fcmboolikaga esemete, MinuSadam ja KA:MA kaubam\u00e4rgi all valminud k\u00e4sit\u00f6\u00f6 soetamisest. Tehes ostu sadamakioskist toetad nii meile endale kalli kui teistelegi k\u00fclastajatele v\u00e4\u00e4rtusliku sadamakeskkonna arendamist.","breadcrumb":{"@id":"https:\/\/kaberneememarina.ee\/et\/pop-up-kiosk\/#breadcrumb"},"inLanguage":"en-US","potentialAction":[{"@type":"ReadAction","target":["https:\/\/kaberneememarina.ee\/et\/pop-up-kiosk\/"]}]},{"@type":"ImageObject","inLanguage":"en-US","@id":"https:\/\/kaberneememarina.ee\/et\/pop-up-kiosk\/#primaryimage","url":"https:\/\/kaberneememarina.ee\/et\/wp-content\/uploads\/sites\/2\/2023\/04\/IMG-7131-e1586361735549-1-e1681120731390.jpg","contentUrl":"https:\/\/kaberneememarina.ee\/et\/wp-content\/uploads\/sites\/2\/2023\/04\/IMG-7131-e1586361735549-1-e1681120731390.jpg","width":921,"height":825},{"@type":"BreadcrumbList","@id":"https:\/\/kaberneememarina.ee\/et\/pop-up-kiosk\/#breadcrumb","itemListElement":[{"@type":"ListItem","position":1,"name":"Home","item":"https:\/\/kaberneememarina.ee\/et\/"},{"@type":"ListItem","position":2,"name":"Pop-up kiosk"}]},{"@type":"WebSite","@id":"https:\/\/kaberneememarina.ee\/et\/#website","url":"https:\/\/kaberneememarina.ee\/et\/","name":"Kaberneeme sadam","description":"Kolga lahe p\u00e4rl","publisher":{"@id":"https:\/\/kaberneememarina.ee\/et\/#organization"},"potentialAction":[{"@type":"SearchAction","target":{"@type":"EntryPoint","urlTemplate":"https:\/\/kaberneememarina.ee\/et\/?s={search_term_string}"},"query-input":"required name=search_term_string"}],"inLanguage":"en-US"},{"@type":"Organization","@id":"https:\/\/kaberneememarina.ee\/et\/#organization","name":"Kaberneeme sadam","url":"https:\/\/kaberneememarina.ee\/et\/","logo":{"@type":"ImageObject","inLanguage":"en-US","@id":"https:\/\/kaberneememarina.ee\/et\/#\/schema\/logo\/image\/","url":"https:\/\/kaberneememarina.ee\/et\/wp-content\/uploads\/sites\/2\/2020\/10\/logo.png","contentUrl":"https:\/\/kaberneememarina.ee\/et\/wp-content\/uploads\/sites\/2\/2020\/10\/logo.png","width":150,"height":149,"caption":"Kaberneeme sadam"},"image":{"@id":"https:\/\/kaberneememarina.ee\/et\/#\/schema\/logo\/image\/"},"sameAs":["http:\/\/www.facebook.com\/kaberneememarina"]}]}},"_links":{"self":[{"href":"https:\/\/kaberneememarina.ee\/et\/wp-json\/wp\/v2\/pages\/1914"}],"collection":[{"href":"https:\/\/kaberneememarina.ee\/et\/wp-json\/wp\/v2\/pages"}],"about":[{"href":"https:\/\/kaberneememarina.ee\/et\/wp-json\/wp\/v2\/types\/page"}],"author":[{"embeddable":true,"href":"https:\/\/kaberneememarina.ee\/et\/wp-json\/wp\/v2\/users\/1"}],"replies":[{"embeddable":true,"href":"https:\/\/kaberneememarina.ee\/et\/wp-json\/wp\/v2\/comments?post=1914"}],"version-history":[{"count":6,"href":"https:\/\/kaberneememarina.ee\/et\/wp-json\/wp\/v2\/pages\/1914\/revisions"}],"predecessor-version":[{"id":2142,"href":"https:\/\/kaberneememarina.ee\/et\/wp-json\/wp\/v2\/pages\/1914\/revisions\/2142"}],"wp:attachment":[{"href":"https:\/\/kaberneememarina.ee\/et\/wp-json\/wp\/v2\/media?parent=1914"}],"curies":[{"name":"wp","href":"https:\/\/api.w.org\/{rel}","templated":true}]}}