{"id":2014,"date":"2020-11-15T12:41:35","date_gmt":"2020-11-15T12:41:35","guid":{"rendered":"https:\/\/kaberneememarina.ee\/et\/?page_id=2014"},"modified":"2020-11-15T12:52:14","modified_gmt":"2020-11-15T12:52:14","slug":"varvi-ise","status":"publish","type":"page","link":"https:\/\/kaberneememarina.ee\/et\/lastenurk\/varvi-ise\/","title":{"rendered":"V\u00e4rvi ise"},"content":{"rendered":"<p>Kallis s\u00f5ber.<\/p>\n<p>Need pildid on sulle r\u00f5\u00f5muks teinud 5-aastane Karl August. Prindi meelep\u00e4rane pilt v\u00e4lja, t\u00e4ienda seda ja v\u00e4rvi \u00e4ra. Soovime sulle toredaid v\u00e4rvilisi pilte!<\/p>\n<p>Kui sulle meeldib joonistada ja tahad oma pilti ka teistega jagada, siis saada see aadressile <a href=\"javascript:DeCryptX('0w0o0r2f2r2t3h0s0s1A1o0e0o2p3w2t3d0n3v2n2c3w1j1p0n1t0.2e0o0m')\">&#119;&#111;r&#100;p&#114;&#101;s&#115;&#64;&#110;&#101;&#111;&#110;&#116;rans&#108;&#97;tions&#46;com<\/a> . Paneme su pildi siia kodulehele \u00fcles, et ka teised saaksid seda n\u00e4ha. Samuti on teretulnud mustvalged pildid, mida teised lapsed saavad v\u00e4rvida.<\/p>\n<p>&nbsp;<\/p>\n<div id='gallery-1' class='gallery galleryid-2014 gallery-columns-3 gallery-size-thumbnail'><figure class='gallery-item'>\n\t\t\t<div class='gallery-icon landscape'>\n\t\t\t\t<a href='https:\/\/kaberneememarina.ee\/et\/wp-content\/uploads\/sites\/2\/2017\/03\/Mootorpaat-ja-taevas-on-kuu_August-5-a..jpg'><img loading=\"lazy\" decoding=\"async\" width=\"150\" height=\"150\" src=\"https:\/\/kaberneememarina.ee\/et\/wp-content\/uploads\/sites\/2\/2017\/03\/Mootorpaat-ja-taevas-on-kuu_August-5-a.-150x150.jpg\" class=\"attachment-thumbnail size-thumbnail\" alt=\"\" aria-describedby=\"gallery-1-515\" \/><\/a>\n\t\t\t<\/div>\n\t\t\t\t<figcaption class='wp-caption-text gallery-caption' id='gallery-1-515'>\n\t\t\t\tMoottorivene ja taivaalla on kuu_August 5 v.\n\t\t\t\t<\/figcaption><\/figure><figure class='gallery-item'>\n\t\t\t<div class='gallery-icon landscape'>\n\t\t\t\t<a href='https:\/\/kaberneememarina.ee\/et\/wp-content\/uploads\/sites\/2\/2017\/03\/Lambad-ja-suvi_August-5-a..jpg'><img loading=\"lazy\" decoding=\"async\" width=\"150\" height=\"150\" src=\"https:\/\/kaberneememarina.ee\/et\/wp-content\/uploads\/sites\/2\/2017\/03\/Lambad-ja-suvi_August-5-a.-150x150.jpg\" class=\"attachment-thumbnail size-thumbnail\" alt=\"\" aria-describedby=\"gallery-1-516\" \/><\/a>\n\t\t\t<\/div>\n\t\t\t\t<figcaption class='wp-caption-text gallery-caption' id='gallery-1-516'>\n\t\t\t\tLampaat ja kes\u00e4_August 5 v.\n\t\t\t\t<\/figcaption><\/figure><figure class='gallery-item'>\n\t\t\t<div class='gallery-icon landscape'>\n\t\t\t\t<a href='https:\/\/kaberneememarina.ee\/et\/wp-content\/uploads\/sites\/2\/2017\/03\/Maja-ja-lilled_August-5-a..jpg'><img loading=\"lazy\" decoding=\"async\" width=\"150\" height=\"150\" src=\"https:\/\/kaberneememarina.ee\/et\/wp-content\/uploads\/sites\/2\/2017\/03\/Maja-ja-lilled_August-5-a.-150x150.jpg\" class=\"attachment-thumbnail size-thumbnail\" alt=\"\" aria-describedby=\"gallery-1-517\" \/><\/a>\n\t\t\t<\/div>\n\t\t\t\t<figcaption class='wp-caption-text gallery-caption' id='gallery-1-517'>\n\t\t\t\tTalo ja aurinko_August 5 v.\n\t\t\t\t<\/figcaption><\/figure>\n\t\t<\/div>\n\n","protected":false},"excerpt":{"rendered":"<p>Kallis s\u00f5ber. Need pildid on sulle r\u00f5\u00f5muks teinud 5-aastane Karl August. Prindi meelep\u00e4rane pilt v\u00e4lja, t\u00e4ienda seda ja v\u00e4rvi \u00e4ra. &hellip; <a href=\"https:\/\/kaberneememarina.ee\/et\/lastenurk\/varvi-ise\/\">Continued<\/a><\/p>\n","protected":false},"author":1,"featured_media":0,"parent":2000,"menu_order":0,"comment_status":"closed","ping_status":"closed","template":"","meta":{"_acf_changed":false,"footnotes":""},"acf":[],"yoast_head":"<!-- This site is optimized with the Yoast SEO plugin v22.4 - https:\/\/yoast.com\/wordpress\/plugins\/seo\/ -->\n<title>V\u00e4rvi ise - Kaberneeme sadam<\/title>\n<meta name=\"robots\" content=\"index, follow, max-snippet:-1, max-image-preview:large, max-video-preview:-1\" \/>\n<link rel=\"canonical\" href=\"https:\/\/kaberneememarina.ee\/et\/lastenurk\/varvi-ise\/\" \/>\n<meta property=\"og:locale\" content=\"en_US\" \/>\n<meta property=\"og:type\" content=\"article\" \/>\n<meta property=\"og:title\" content=\"V\u00e4rvi ise - Kaberneeme sadam\" \/>\n<meta property=\"og:description\" content=\"Kallis s\u00f5ber. Need pildid on sulle r\u00f5\u00f5muks teinud 5-aastane Karl August. Prindi meelep\u00e4rane pilt v\u00e4lja, t\u00e4ienda seda ja v\u00e4rvi \u00e4ra. &hellip; Continued\" \/>\n<meta property=\"og:url\" content=\"https:\/\/kaberneememarina.ee\/et\/lastenurk\/varvi-ise\/\" \/>\n<meta property=\"og:site_name\" content=\"Kaberneeme sadam\" \/>\n<meta property=\"article:publisher\" content=\"http:\/\/www.facebook.com\/kaberneememarina\" \/>\n<meta property=\"article:modified_time\" content=\"2020-11-15T12:52:14+00:00\" \/>\n<meta property=\"og:image\" content=\"https:\/\/kaberneememarina.ee\/et\/wp-content\/uploads\/sites\/2\/2017\/03\/Mootorpaat-ja-taevas-on-kuu_August-5-a.-150x150.jpg\" \/>\n<meta name=\"twitter:card\" content=\"summary_large_image\" \/>\n<script type=\"application\/ld+json\" class=\"yoast-schema-graph\">{\"@context\":\"https:\/\/schema.org\",\"@graph\":[{\"@type\":\"WebPage\",\"@id\":\"https:\/\/kaberneememarina.ee\/et\/lastenurk\/varvi-ise\/\",\"url\":\"https:\/\/kaberneememarina.ee\/et\/lastenurk\/varvi-ise\/\",\"name\":\"V\u00e4rvi ise - Kaberneeme sadam\",\"isPartOf\":{\"@id\":\"https:\/\/kaberneememarina.ee\/et\/#website\"},\"datePublished\":\"2020-11-15T12:41:35+00:00\",\"dateModified\":\"2020-11-15T12:52:14+00:00\",\"breadcrumb\":{\"@id\":\"https:\/\/kaberneememarina.ee\/et\/lastenurk\/varvi-ise\/#breadcrumb\"},\"inLanguage\":\"en-US\",\"potentialAction\":[{\"@type\":\"ReadAction\",\"target\":[\"https:\/\/kaberneememarina.ee\/et\/lastenurk\/varvi-ise\/\"]}]},{\"@type\":\"BreadcrumbList\",\"@id\":\"https:\/\/kaberneememarina.ee\/et\/lastenurk\/varvi-ise\/#breadcrumb\",\"itemListElement\":[{\"@type\":\"ListItem\",\"position\":1,\"name\":\"Home\",\"item\":\"https:\/\/kaberneememarina.ee\/et\/\"},{\"@type\":\"ListItem\",\"position\":2,\"name\":\"Lastenurk\",\"item\":\"https:\/\/kaberneememarina.ee\/et\/lastenurk\/\"},{\"@type\":\"ListItem\",\"position\":3,\"name\":\"V\u00e4rvi ise\"}]},{\"@type\":\"WebSite\",\"@id\":\"https:\/\/kaberneememarina.ee\/et\/#website\",\"url\":\"https:\/\/kaberneememarina.ee\/et\/\",\"name\":\"Kaberneeme sadam\",\"description\":\"Kolga lahe p\u00e4rl\",\"publisher\":{\"@id\":\"https:\/\/kaberneememarina.ee\/et\/#organization\"},\"potentialAction\":[{\"@type\":\"SearchAction\",\"target\":{\"@type\":\"EntryPoint\",\"urlTemplate\":\"https:\/\/kaberneememarina.ee\/et\/?s={search_term_string}\"},\"query-input\":\"required name=search_term_string\"}],\"inLanguage\":\"en-US\"},{\"@type\":\"Organization\",\"@id\":\"https:\/\/kaberneememarina.ee\/et\/#organization\",\"name\":\"Kaberneeme sadam\",\"url\":\"https:\/\/kaberneememarina.ee\/et\/\",\"logo\":{\"@type\":\"ImageObject\",\"inLanguage\":\"en-US\",\"@id\":\"https:\/\/kaberneememarina.ee\/et\/#\/schema\/logo\/image\/\",\"url\":\"https:\/\/kaberneememarina.ee\/et\/wp-content\/uploads\/sites\/2\/2020\/10\/logo.png\",\"contentUrl\":\"https:\/\/kaberneememarina.ee\/et\/wp-content\/uploads\/sites\/2\/2020\/10\/logo.png\",\"width\":150,\"height\":149,\"caption\":\"Kaberneeme sadam\"},\"image\":{\"@id\":\"https:\/\/kaberneememarina.ee\/et\/#\/schema\/logo\/image\/\"},\"sameAs\":[\"http:\/\/www.facebook.com\/kaberneememarina\"]}]}<\/script>\n<!-- \/ Yoast SEO plugin. -->","yoast_head_json":{"title":"V\u00e4rvi ise - Kaberneeme sadam","robots":{"index":"index","follow":"follow","max-snippet":"max-snippet:-1","max-image-preview":"max-image-preview:large","max-video-preview":"max-video-preview:-1"},"canonical":"https:\/\/kaberneememarina.ee\/et\/lastenurk\/varvi-ise\/","og_locale":"en_US","og_type":"article","og_title":"V\u00e4rvi ise - Kaberneeme sadam","og_description":"Kallis s\u00f5ber. Need pildid on sulle r\u00f5\u00f5muks teinud 5-aastane Karl August. Prindi meelep\u00e4rane pilt v\u00e4lja, t\u00e4ienda seda ja v\u00e4rvi \u00e4ra. &hellip; Continued","og_url":"https:\/\/kaberneememarina.ee\/et\/lastenurk\/varvi-ise\/","og_site_name":"Kaberneeme sadam","article_publisher":"http:\/\/www.facebook.com\/kaberneememarina","article_modified_time":"2020-11-15T12:52:14+00:00","og_image":[{"url":"https:\/\/kaberneememarina.ee\/et\/wp-content\/uploads\/sites\/2\/2017\/03\/Mootorpaat-ja-taevas-on-kuu_August-5-a.-150x150.jpg"}],"twitter_card":"summary_large_image","schema":{"@context":"https:\/\/schema.org","@graph":[{"@type":"WebPage","@id":"https:\/\/kaberneememarina.ee\/et\/lastenurk\/varvi-ise\/","url":"https:\/\/kaberneememarina.ee\/et\/lastenurk\/varvi-ise\/","name":"V\u00e4rvi ise - Kaberneeme sadam","isPartOf":{"@id":"https:\/\/kaberneememarina.ee\/et\/#website"},"datePublished":"2020-11-15T12:41:35+00:00","dateModified":"2020-11-15T12:52:14+00:00","breadcrumb":{"@id":"https:\/\/kaberneememarina.ee\/et\/lastenurk\/varvi-ise\/#breadcrumb"},"inLanguage":"en-US","potentialAction":[{"@type":"ReadAction","target":["https:\/\/kaberneememarina.ee\/et\/lastenurk\/varvi-ise\/"]}]},{"@type":"BreadcrumbList","@id":"https:\/\/kaberneememarina.ee\/et\/lastenurk\/varvi-ise\/#breadcrumb","itemListElement":[{"@type":"ListItem","position":1,"name":"Home","item":"https:\/\/kaberneememarina.ee\/et\/"},{"@type":"ListItem","position":2,"name":"Lastenurk","item":"https:\/\/kaberneememarina.ee\/et\/lastenurk\/"},{"@type":"ListItem","position":3,"name":"V\u00e4rvi ise"}]},{"@type":"WebSite","@id":"https:\/\/kaberneememarina.ee\/et\/#website","url":"https:\/\/kaberneememarina.ee\/et\/","name":"Kaberneeme sadam","description":"Kolga lahe p\u00e4rl","publisher":{"@id":"https:\/\/kaberneememarina.ee\/et\/#organization"},"potentialAction":[{"@type":"SearchAction","target":{"@type":"EntryPoint","urlTemplate":"https:\/\/kaberneememarina.ee\/et\/?s={search_term_string}"},"query-input":"required name=search_term_string"}],"inLanguage":"en-US"},{"@type":"Organization","@id":"https:\/\/kaberneememarina.ee\/et\/#organization","name":"Kaberneeme sadam","url":"https:\/\/kaberneememarina.ee\/et\/","logo":{"@type":"ImageObject","inLanguage":"en-US","@id":"https:\/\/kaberneememarina.ee\/et\/#\/schema\/logo\/image\/","url":"https:\/\/kaberneememarina.ee\/et\/wp-content\/uploads\/sites\/2\/2020\/10\/logo.png","contentUrl":"https:\/\/kaberneememarina.ee\/et\/wp-content\/uploads\/sites\/2\/2020\/10\/logo.png","width":150,"height":149,"caption":"Kaberneeme sadam"},"image":{"@id":"https:\/\/kaberneememarina.ee\/et\/#\/schema\/logo\/image\/"},"sameAs":["http:\/\/www.facebook.com\/kaberneememarina"]}]}},"_links":{"self":[{"href":"https:\/\/kaberneememarina.ee\/et\/wp-json\/wp\/v2\/pages\/2014"}],"collection":[{"href":"https:\/\/kaberneememarina.ee\/et\/wp-json\/wp\/v2\/pages"}],"about":[{"href":"https:\/\/kaberneememarina.ee\/et\/wp-json\/wp\/v2\/types\/page"}],"author":[{"embeddable":true,"href":"https:\/\/kaberneememarina.ee\/et\/wp-json\/wp\/v2\/users\/1"}],"replies":[{"embeddable":true,"href":"https:\/\/kaberneememarina.ee\/et\/wp-json\/wp\/v2\/comments?post=2014"}],"version-history":[{"count":7,"href":"https:\/\/kaberneememarina.ee\/et\/wp-json\/wp\/v2\/pages\/2014\/revisions"}],"predecessor-version":[{"id":2026,"href":"https:\/\/kaberneememarina.ee\/et\/wp-json\/wp\/v2\/pages\/2014\/revisions\/2026"}],"up":[{"embeddable":true,"href":"https:\/\/kaberneememarina.ee\/et\/wp-json\/wp\/v2\/pages\/2000"}],"wp:attachment":[{"href":"https:\/\/kaberneememarina.ee\/et\/wp-json\/wp\/v2\/media?parent=2014"}],"curies":[{"name":"wp","href":"https:\/\/api.w.org\/{rel}","templated":true}]}}