{"id":2018,"date":"2020-11-15T12:44:15","date_gmt":"2020-11-15T12:44:15","guid":{"rendered":"https:\/\/kaberneememarina.ee\/et\/?page_id=2018"},"modified":"2020-11-15T12:44:15","modified_gmt":"2020-11-15T12:44:15","slug":"mangud","status":"publish","type":"page","link":"https:\/\/kaberneememarina.ee\/et\/lastenurk\/mangud\/","title":{"rendered":"M\u00e4ngud"},"content":{"rendered":"<p>Siin viited m\u00f5nedele toredatele tegevustele:<\/p>\n<ul>\n<li><strong><a href=\"https:\/\/www.ev100.ee\/et\/laste-vabariik\">Eesti Vabariik 100: Laste Vabariik<\/a> <\/strong>&#8211; tegevuste sari.<\/li>\n<li><strong><a href=\"http:\/\/www.jankujuss.ee\/\">\u00d5pi koos J\u00e4nkujussiga<\/a><\/strong><\/li>\n<li>Tartu \u00dclikooli muuseumi <strong><a href=\"http:\/\/hullteadlane.ut.ee\/\">nupunurk Hull Teadlane.<\/a><\/strong><\/li>\n<li><strong><a href=\"https:\/\/www.taskutark.ee\/m\/\">Taskutark:<\/a> <\/strong>koolitarkusedl esimesest 12.klassini.<\/li>\n<li>Multikad, m\u00e4ngud, v\u00e4rviraamatud ja muu tegevus &#8211; <strong><a href=\"http:\/\/www.lastekas.ee\/?go=teema&amp;mid=1\">Lastekas.ee<\/a><\/strong><\/li>\n<li>Parim koht internetis k\u00f5ige pisematele &#8211;<strong><a href=\"http:\/\/www.lastekas.ee\/?go=teema&amp;mid=1\"> Mudila.ee<\/a><\/strong><\/li>\n<li><strong><a href=\"https:\/\/www.youtube.com\/playlist?list=PL4AD4E9A7B787EA17\">J\u00e4nku Jussi multikad YouTube&#8217;is<\/a><\/strong>.<\/li>\n<li><strong><a href=\"https:\/\/www.youtube.com\/results?search_query=oota+sa+eesti+keeles\">Multikad &#8216;No, j\u00e4nes! Oota sa!&#8217; YouTube&#8217;is.<\/a><\/strong><\/li>\n<\/ul>\n<p>Midagi mereteemalist:<\/p>\n<ul>\n<li><strong><a href=\"http:\/\/meremuuseum.ee\/lastele-peredele\/\">Meremuuseum<\/a>:<\/strong> Lennusadam ja Paks Margareeta<\/li>\n<li><strong><a href=\"http:\/\/www.kasmu.ee\/content\/lasteprogrammid\">K\u00e4smu meremuuseum<\/a><\/strong><\/li>\n<\/ul>\n","protected":false},"excerpt":{"rendered":"<p>Siin viited m\u00f5nedele toredatele tegevustele: Eesti Vabariik 100: Laste Vabariik &#8211; tegevuste sari. \u00d5pi koos J\u00e4nkujussiga Tartu \u00dclikooli muuseumi nupunurk &hellip; <a href=\"https:\/\/kaberneememarina.ee\/et\/lastenurk\/mangud\/\">Continued<\/a><\/p>\n","protected":false},"author":1,"featured_media":0,"parent":2000,"menu_order":0,"comment_status":"closed","ping_status":"closed","template":"","meta":{"_acf_changed":false,"footnotes":""},"acf":[],"yoast_head":"<!-- This site is optimized with the Yoast SEO plugin v22.4 - https:\/\/yoast.com\/wordpress\/plugins\/seo\/ -->\n<title>M\u00e4ngud - Kaberneeme sadam<\/title>\n<meta name=\"robots\" content=\"index, follow, max-snippet:-1, max-image-preview:large, max-video-preview:-1\" \/>\n<link rel=\"canonical\" href=\"https:\/\/kaberneememarina.ee\/et\/lastenurk\/mangud\/\" \/>\n<meta property=\"og:locale\" content=\"en_US\" \/>\n<meta property=\"og:type\" content=\"article\" \/>\n<meta property=\"og:title\" content=\"M\u00e4ngud - Kaberneeme sadam\" \/>\n<meta property=\"og:description\" content=\"Siin viited m\u00f5nedele toredatele tegevustele: Eesti Vabariik 100: Laste Vabariik &#8211; tegevuste sari. \u00d5pi koos J\u00e4nkujussiga Tartu \u00dclikooli muuseumi nupunurk &hellip; Continued\" \/>\n<meta property=\"og:url\" content=\"https:\/\/kaberneememarina.ee\/et\/lastenurk\/mangud\/\" \/>\n<meta property=\"og:site_name\" content=\"Kaberneeme sadam\" \/>\n<meta property=\"article:publisher\" content=\"http:\/\/www.facebook.com\/kaberneememarina\" \/>\n<meta name=\"twitter:card\" content=\"summary_large_image\" \/>\n<script type=\"application\/ld+json\" class=\"yoast-schema-graph\">{\"@context\":\"https:\/\/schema.org\",\"@graph\":[{\"@type\":\"WebPage\",\"@id\":\"https:\/\/kaberneememarina.ee\/et\/lastenurk\/mangud\/\",\"url\":\"https:\/\/kaberneememarina.ee\/et\/lastenurk\/mangud\/\",\"name\":\"M\u00e4ngud - Kaberneeme sadam\",\"isPartOf\":{\"@id\":\"https:\/\/kaberneememarina.ee\/et\/#website\"},\"datePublished\":\"2020-11-15T12:44:15+00:00\",\"dateModified\":\"2020-11-15T12:44:15+00:00\",\"breadcrumb\":{\"@id\":\"https:\/\/kaberneememarina.ee\/et\/lastenurk\/mangud\/#breadcrumb\"},\"inLanguage\":\"en-US\",\"potentialAction\":[{\"@type\":\"ReadAction\",\"target\":[\"https:\/\/kaberneememarina.ee\/et\/lastenurk\/mangud\/\"]}]},{\"@type\":\"BreadcrumbList\",\"@id\":\"https:\/\/kaberneememarina.ee\/et\/lastenurk\/mangud\/#breadcrumb\",\"itemListElement\":[{\"@type\":\"ListItem\",\"position\":1,\"name\":\"Home\",\"item\":\"https:\/\/kaberneememarina.ee\/et\/\"},{\"@type\":\"ListItem\",\"position\":2,\"name\":\"Lastenurk\",\"item\":\"https:\/\/kaberneememarina.ee\/et\/lastenurk\/\"},{\"@type\":\"ListItem\",\"position\":3,\"name\":\"M\u00e4ngud\"}]},{\"@type\":\"WebSite\",\"@id\":\"https:\/\/kaberneememarina.ee\/et\/#website\",\"url\":\"https:\/\/kaberneememarina.ee\/et\/\",\"name\":\"Kaberneeme sadam\",\"description\":\"Kolga lahe p\u00e4rl\",\"publisher\":{\"@id\":\"https:\/\/kaberneememarina.ee\/et\/#organization\"},\"potentialAction\":[{\"@type\":\"SearchAction\",\"target\":{\"@type\":\"EntryPoint\",\"urlTemplate\":\"https:\/\/kaberneememarina.ee\/et\/?s={search_term_string}\"},\"query-input\":\"required name=search_term_string\"}],\"inLanguage\":\"en-US\"},{\"@type\":\"Organization\",\"@id\":\"https:\/\/kaberneememarina.ee\/et\/#organization\",\"name\":\"Kaberneeme sadam\",\"url\":\"https:\/\/kaberneememarina.ee\/et\/\",\"logo\":{\"@type\":\"ImageObject\",\"inLanguage\":\"en-US\",\"@id\":\"https:\/\/kaberneememarina.ee\/et\/#\/schema\/logo\/image\/\",\"url\":\"https:\/\/kaberneememarina.ee\/et\/wp-content\/uploads\/sites\/2\/2020\/10\/logo.png\",\"contentUrl\":\"https:\/\/kaberneememarina.ee\/et\/wp-content\/uploads\/sites\/2\/2020\/10\/logo.png\",\"width\":150,\"height\":149,\"caption\":\"Kaberneeme sadam\"},\"image\":{\"@id\":\"https:\/\/kaberneememarina.ee\/et\/#\/schema\/logo\/image\/\"},\"sameAs\":[\"http:\/\/www.facebook.com\/kaberneememarina\"]}]}<\/script>\n<!-- \/ Yoast SEO plugin. -->","yoast_head_json":{"title":"M\u00e4ngud - Kaberneeme sadam","robots":{"index":"index","follow":"follow","max-snippet":"max-snippet:-1","max-image-preview":"max-image-preview:large","max-video-preview":"max-video-preview:-1"},"canonical":"https:\/\/kaberneememarina.ee\/et\/lastenurk\/mangud\/","og_locale":"en_US","og_type":"article","og_title":"M\u00e4ngud - Kaberneeme sadam","og_description":"Siin viited m\u00f5nedele toredatele tegevustele: Eesti Vabariik 100: Laste Vabariik &#8211; tegevuste sari. \u00d5pi koos J\u00e4nkujussiga Tartu \u00dclikooli muuseumi nupunurk &hellip; Continued","og_url":"https:\/\/kaberneememarina.ee\/et\/lastenurk\/mangud\/","og_site_name":"Kaberneeme sadam","article_publisher":"http:\/\/www.facebook.com\/kaberneememarina","twitter_card":"summary_large_image","schema":{"@context":"https:\/\/schema.org","@graph":[{"@type":"WebPage","@id":"https:\/\/kaberneememarina.ee\/et\/lastenurk\/mangud\/","url":"https:\/\/kaberneememarina.ee\/et\/lastenurk\/mangud\/","name":"M\u00e4ngud - Kaberneeme sadam","isPartOf":{"@id":"https:\/\/kaberneememarina.ee\/et\/#website"},"datePublished":"2020-11-15T12:44:15+00:00","dateModified":"2020-11-15T12:44:15+00:00","breadcrumb":{"@id":"https:\/\/kaberneememarina.ee\/et\/lastenurk\/mangud\/#breadcrumb"},"inLanguage":"en-US","potentialAction":[{"@type":"ReadAction","target":["https:\/\/kaberneememarina.ee\/et\/lastenurk\/mangud\/"]}]},{"@type":"BreadcrumbList","@id":"https:\/\/kaberneememarina.ee\/et\/lastenurk\/mangud\/#breadcrumb","itemListElement":[{"@type":"ListItem","position":1,"name":"Home","item":"https:\/\/kaberneememarina.ee\/et\/"},{"@type":"ListItem","position":2,"name":"Lastenurk","item":"https:\/\/kaberneememarina.ee\/et\/lastenurk\/"},{"@type":"ListItem","position":3,"name":"M\u00e4ngud"}]},{"@type":"WebSite","@id":"https:\/\/kaberneememarina.ee\/et\/#website","url":"https:\/\/kaberneememarina.ee\/et\/","name":"Kaberneeme sadam","description":"Kolga lahe p\u00e4rl","publisher":{"@id":"https:\/\/kaberneememarina.ee\/et\/#organization"},"potentialAction":[{"@type":"SearchAction","target":{"@type":"EntryPoint","urlTemplate":"https:\/\/kaberneememarina.ee\/et\/?s={search_term_string}"},"query-input":"required name=search_term_string"}],"inLanguage":"en-US"},{"@type":"Organization","@id":"https:\/\/kaberneememarina.ee\/et\/#organization","name":"Kaberneeme sadam","url":"https:\/\/kaberneememarina.ee\/et\/","logo":{"@type":"ImageObject","inLanguage":"en-US","@id":"https:\/\/kaberneememarina.ee\/et\/#\/schema\/logo\/image\/","url":"https:\/\/kaberneememarina.ee\/et\/wp-content\/uploads\/sites\/2\/2020\/10\/logo.png","contentUrl":"https:\/\/kaberneememarina.ee\/et\/wp-content\/uploads\/sites\/2\/2020\/10\/logo.png","width":150,"height":149,"caption":"Kaberneeme sadam"},"image":{"@id":"https:\/\/kaberneememarina.ee\/et\/#\/schema\/logo\/image\/"},"sameAs":["http:\/\/www.facebook.com\/kaberneememarina"]}]}},"_links":{"self":[{"href":"https:\/\/kaberneememarina.ee\/et\/wp-json\/wp\/v2\/pages\/2018"}],"collection":[{"href":"https:\/\/kaberneememarina.ee\/et\/wp-json\/wp\/v2\/pages"}],"about":[{"href":"https:\/\/kaberneememarina.ee\/et\/wp-json\/wp\/v2\/types\/page"}],"author":[{"embeddable":true,"href":"https:\/\/kaberneememarina.ee\/et\/wp-json\/wp\/v2\/users\/1"}],"replies":[{"embeddable":true,"href":"https:\/\/kaberneememarina.ee\/et\/wp-json\/wp\/v2\/comments?post=2018"}],"version-history":[{"count":1,"href":"https:\/\/kaberneememarina.ee\/et\/wp-json\/wp\/v2\/pages\/2018\/revisions"}],"predecessor-version":[{"id":2019,"href":"https:\/\/kaberneememarina.ee\/et\/wp-json\/wp\/v2\/pages\/2018\/revisions\/2019"}],"up":[{"embeddable":true,"href":"https:\/\/kaberneememarina.ee\/et\/wp-json\/wp\/v2\/pages\/2000"}],"wp:attachment":[{"href":"https:\/\/kaberneememarina.ee\/et\/wp-json\/wp\/v2\/media?parent=2018"}],"curies":[{"name":"wp","href":"https:\/\/api.w.org\/{rel}","templated":true}]}}