{"id":2087,"date":"2022-04-01T09:44:53","date_gmt":"2022-04-01T09:44:53","guid":{"rendered":"https:\/\/kaberneememarina.ee\/et\/?page_id=2087"},"modified":"2023-04-21T11:30:04","modified_gmt":"2023-04-21T11:30:04","slug":"trossi-mereabi","status":"publish","type":"page","link":"https:\/\/kaberneememarina.ee\/et\/sadam\/trossi-mereabi\/","title":{"rendered":"TROSSI mereabi"},"content":{"rendered":"<p><img loading=\"lazy\" decoding=\"async\" class=\"size-medium wp-image-2091 alignleft\" src=\"https:\/\/kaberneememarina.ee\/et\/wp-content\/uploads\/sites\/2\/2022\/04\/2021-11-26-TROSSI-sertifikaat-211x300.jpg\" alt=\"\" width=\"211\" height=\"300\" srcset=\"https:\/\/kaberneememarina.ee\/et\/wp-content\/uploads\/sites\/2\/2022\/04\/2021-11-26-TROSSI-sertifikaat-211x300.jpg 211w, https:\/\/kaberneememarina.ee\/et\/wp-content\/uploads\/sites\/2\/2022\/04\/2021-11-26-TROSSI-sertifikaat.jpg 575w\" sizes=\"(max-width: 211px) 100vw, 211px\" \/><\/p>\n<p>&nbsp;<\/p>\n<p>Uuel hooajal on Kaberneeme sadama k\u00fclalistel v\u00f5imalus kasutada <a href=\"https:\/\/trossi.ee\/\">Trossi mereabi<\/a>. Kui Su veereis kogemata kombel katkeb, siis on Trossi mereabi parim sinu paadile. Trossi liikme paat pukseeritakse tasuta l\u00e4himasse sadamasse, kus on remondiv\u00f5imalused, vajadusel aidatakse leida paadile ajutine hoiukoht ja remontijad. Tasuta abi saad Sa kogu Eesti merealal ning samuti Soomes, Rootsis ja Norras. Ja k\u00f5ige olulisem &#8211; Trossi liikmelisusega toetad Eesti vabatahtlikku merep\u00e4\u00e4stet.<\/p>\n<p>Trossi aastane liikmemaks on 88 eurot. <em>(V\u00f5rdluseks: ilma TROSSI liitumiseta maksab \u00fcks pukseerimine Eestis keskmiselt 400 eurot ja Soomes 450 eurot.)<\/em><\/p>\n<p>Trossi mereabi alla kuulub:<\/p>\n<ul>\n<li>lihtsam tehniline abi kohapeal;<\/li>\n<li>aluse tasuta pukseerimine l\u00e4himasse sadamasse;<\/li>\n<li>n\u00f5ustamine vajaliku tehnilise abi ja aluse hoiustamise kohta;<\/li>\n<li>hea tunne vabatahtliku merep\u00e4\u00e4ste toetamisest.<\/li>\n<\/ul>\n<p>Liitumiseks t\u00e4ida ankeet kodulehel <a href=\"https:\/\/trossi.ee\/#liitu\">www.trossi.ee<\/a> . V\u00f5ta \u00fchendust Trossi mereabi 24\/7 keskusega telefonil +372 55553434 v\u00f5i <a href=\"javascript:DeCryptX('0t3u0o0s1t0i0@3w0r1p1t0s3l310e2g')\">t&#114;&#111;&#115;si&#64;t&#114;&#111;&#115;&#115;&#105;&#46;ee<\/a><\/p>\n<p>Lisaks Kaberneeme sadamale on Trossi mereabiga liitunud ka P\u00e4rnu, Haapsalu, Hara ja Purtse sadam. Kaberneeme sadam omandas Trossi mereabi sertifikaadi 26.11.2021.<\/p>\n","protected":false},"excerpt":{"rendered":"<p>&nbsp; Uuel hooajal on Kaberneeme sadama k\u00fclalistel v\u00f5imalus kasutada Trossi mereabi. Kui Su veereis kogemata kombel katkeb, siis on Trossi &hellip; <a href=\"https:\/\/kaberneememarina.ee\/et\/sadam\/trossi-mereabi\/\">Continued<\/a><\/p>\n","protected":false},"author":6,"featured_media":2091,"parent":6,"menu_order":0,"comment_status":"closed","ping_status":"closed","template":"","meta":{"_acf_changed":false,"footnotes":""},"acf":[],"yoast_head":"<!-- This site is optimized with the Yoast SEO plugin v22.4 - https:\/\/yoast.com\/wordpress\/plugins\/seo\/ -->\n<title>TROSSI mereabi - Kaberneeme sadam<\/title>\n<meta name=\"description\" content=\"Uuel hooajal on teil Kaberneeme sadama k\u00fclalisena v\u00f5imalus kasutada Trossi mereabi. Sinu paat pukseeritakse tasuta l\u00e4himasse sadamasse.\" \/>\n<meta name=\"robots\" content=\"index, follow, max-snippet:-1, max-image-preview:large, max-video-preview:-1\" \/>\n<link rel=\"canonical\" href=\"https:\/\/kaberneememarina.ee\/et\/sadam\/trossi-mereabi\/\" \/>\n<meta property=\"og:locale\" content=\"en_US\" \/>\n<meta property=\"og:type\" content=\"article\" \/>\n<meta property=\"og:title\" content=\"Trossi mereabi Kaberneeme sadamas\" \/>\n<meta property=\"og:description\" content=\"Kaberneeme sadam on \u00fcks viiest Eesti sadamast, kes on liitunud Trossi mereabi teenusega. Kui soovid end merel ootamatult ilmnevate paadirikete puhuks kindlustada, on Trossi mereabiga liitumine parim lahendus.\" \/>\n<meta property=\"og:url\" content=\"https:\/\/kaberneememarina.ee\/et\/sadam\/trossi-mereabi\/\" \/>\n<meta property=\"og:site_name\" content=\"Kaberneeme sadam\" \/>\n<meta property=\"article:publisher\" content=\"http:\/\/www.facebook.com\/kaberneememarina\" \/>\n<meta property=\"article:modified_time\" content=\"2023-04-21T11:30:04+00:00\" \/>\n<meta property=\"og:image\" content=\"https:\/\/kaberneememarina.ee\/et\/wp-content\/uploads\/sites\/2\/2022\/04\/2021-11-26-TROSSI-sertifikaat.jpg\" \/>\n\t<meta property=\"og:image:width\" content=\"575\" \/>\n\t<meta property=\"og:image:height\" content=\"819\" \/>\n\t<meta property=\"og:image:type\" content=\"image\/jpeg\" \/>\n<meta name=\"twitter:card\" content=\"summary_large_image\" \/>\n<meta name=\"twitter:label1\" content=\"Est. reading time\" \/>\n\t<meta name=\"twitter:data1\" content=\"1 minute\" \/>\n<script type=\"application\/ld+json\" class=\"yoast-schema-graph\">{\"@context\":\"https:\/\/schema.org\",\"@graph\":[{\"@type\":\"WebPage\",\"@id\":\"https:\/\/kaberneememarina.ee\/et\/sadam\/trossi-mereabi\/\",\"url\":\"https:\/\/kaberneememarina.ee\/et\/sadam\/trossi-mereabi\/\",\"name\":\"TROSSI mereabi - Kaberneeme sadam\",\"isPartOf\":{\"@id\":\"https:\/\/kaberneememarina.ee\/et\/#website\"},\"primaryImageOfPage\":{\"@id\":\"https:\/\/kaberneememarina.ee\/et\/sadam\/trossi-mereabi\/#primaryimage\"},\"image\":{\"@id\":\"https:\/\/kaberneememarina.ee\/et\/sadam\/trossi-mereabi\/#primaryimage\"},\"thumbnailUrl\":\"https:\/\/kaberneememarina.ee\/et\/wp-content\/uploads\/sites\/2\/2022\/04\/2021-11-26-TROSSI-sertifikaat.jpg\",\"datePublished\":\"2022-04-01T09:44:53+00:00\",\"dateModified\":\"2023-04-21T11:30:04+00:00\",\"description\":\"Uuel hooajal on teil Kaberneeme sadama k\u00fclalisena v\u00f5imalus kasutada Trossi mereabi. Sinu paat pukseeritakse tasuta l\u00e4himasse sadamasse.\",\"breadcrumb\":{\"@id\":\"https:\/\/kaberneememarina.ee\/et\/sadam\/trossi-mereabi\/#breadcrumb\"},\"inLanguage\":\"en-US\",\"potentialAction\":[{\"@type\":\"ReadAction\",\"target\":[\"https:\/\/kaberneememarina.ee\/et\/sadam\/trossi-mereabi\/\"]}]},{\"@type\":\"ImageObject\",\"inLanguage\":\"en-US\",\"@id\":\"https:\/\/kaberneememarina.ee\/et\/sadam\/trossi-mereabi\/#primaryimage\",\"url\":\"https:\/\/kaberneememarina.ee\/et\/wp-content\/uploads\/sites\/2\/2022\/04\/2021-11-26-TROSSI-sertifikaat.jpg\",\"contentUrl\":\"https:\/\/kaberneememarina.ee\/et\/wp-content\/uploads\/sites\/2\/2022\/04\/2021-11-26-TROSSI-sertifikaat.jpg\",\"width\":575,\"height\":819},{\"@type\":\"BreadcrumbList\",\"@id\":\"https:\/\/kaberneememarina.ee\/et\/sadam\/trossi-mereabi\/#breadcrumb\",\"itemListElement\":[{\"@type\":\"ListItem\",\"position\":1,\"name\":\"Home\",\"item\":\"https:\/\/kaberneememarina.ee\/et\/\"},{\"@type\":\"ListItem\",\"position\":2,\"name\":\"Sadam\",\"item\":\"https:\/\/kaberneememarina.ee\/et\/sadam\/\"},{\"@type\":\"ListItem\",\"position\":3,\"name\":\"TROSSI mereabi\"}]},{\"@type\":\"WebSite\",\"@id\":\"https:\/\/kaberneememarina.ee\/et\/#website\",\"url\":\"https:\/\/kaberneememarina.ee\/et\/\",\"name\":\"Kaberneeme sadam\",\"description\":\"Kolga lahe p\u00e4rl\",\"publisher\":{\"@id\":\"https:\/\/kaberneememarina.ee\/et\/#organization\"},\"potentialAction\":[{\"@type\":\"SearchAction\",\"target\":{\"@type\":\"EntryPoint\",\"urlTemplate\":\"https:\/\/kaberneememarina.ee\/et\/?s={search_term_string}\"},\"query-input\":\"required name=search_term_string\"}],\"inLanguage\":\"en-US\"},{\"@type\":\"Organization\",\"@id\":\"https:\/\/kaberneememarina.ee\/et\/#organization\",\"name\":\"Kaberneeme sadam\",\"url\":\"https:\/\/kaberneememarina.ee\/et\/\",\"logo\":{\"@type\":\"ImageObject\",\"inLanguage\":\"en-US\",\"@id\":\"https:\/\/kaberneememarina.ee\/et\/#\/schema\/logo\/image\/\",\"url\":\"https:\/\/kaberneememarina.ee\/et\/wp-content\/uploads\/sites\/2\/2020\/10\/logo.png\",\"contentUrl\":\"https:\/\/kaberneememarina.ee\/et\/wp-content\/uploads\/sites\/2\/2020\/10\/logo.png\",\"width\":150,\"height\":149,\"caption\":\"Kaberneeme sadam\"},\"image\":{\"@id\":\"https:\/\/kaberneememarina.ee\/et\/#\/schema\/logo\/image\/\"},\"sameAs\":[\"http:\/\/www.facebook.com\/kaberneememarina\"]}]}<\/script>\n<!-- \/ Yoast SEO plugin. -->","yoast_head_json":{"title":"TROSSI mereabi - Kaberneeme sadam","description":"Uuel hooajal on teil Kaberneeme sadama k\u00fclalisena v\u00f5imalus kasutada Trossi mereabi. Sinu paat pukseeritakse tasuta l\u00e4himasse sadamasse.","robots":{"index":"index","follow":"follow","max-snippet":"max-snippet:-1","max-image-preview":"max-image-preview:large","max-video-preview":"max-video-preview:-1"},"canonical":"https:\/\/kaberneememarina.ee\/et\/sadam\/trossi-mereabi\/","og_locale":"en_US","og_type":"article","og_title":"Trossi mereabi Kaberneeme sadamas","og_description":"Kaberneeme sadam on \u00fcks viiest Eesti sadamast, kes on liitunud Trossi mereabi teenusega. Kui soovid end merel ootamatult ilmnevate paadirikete puhuks kindlustada, on Trossi mereabiga liitumine parim lahendus.","og_url":"https:\/\/kaberneememarina.ee\/et\/sadam\/trossi-mereabi\/","og_site_name":"Kaberneeme sadam","article_publisher":"http:\/\/www.facebook.com\/kaberneememarina","article_modified_time":"2023-04-21T11:30:04+00:00","og_image":[{"width":575,"height":819,"url":"https:\/\/kaberneememarina.ee\/et\/wp-content\/uploads\/sites\/2\/2022\/04\/2021-11-26-TROSSI-sertifikaat.jpg","type":"image\/jpeg"}],"twitter_card":"summary_large_image","twitter_misc":{"Est. reading time":"1 minute"},"schema":{"@context":"https:\/\/schema.org","@graph":[{"@type":"WebPage","@id":"https:\/\/kaberneememarina.ee\/et\/sadam\/trossi-mereabi\/","url":"https:\/\/kaberneememarina.ee\/et\/sadam\/trossi-mereabi\/","name":"TROSSI mereabi - Kaberneeme sadam","isPartOf":{"@id":"https:\/\/kaberneememarina.ee\/et\/#website"},"primaryImageOfPage":{"@id":"https:\/\/kaberneememarina.ee\/et\/sadam\/trossi-mereabi\/#primaryimage"},"image":{"@id":"https:\/\/kaberneememarina.ee\/et\/sadam\/trossi-mereabi\/#primaryimage"},"thumbnailUrl":"https:\/\/kaberneememarina.ee\/et\/wp-content\/uploads\/sites\/2\/2022\/04\/2021-11-26-TROSSI-sertifikaat.jpg","datePublished":"2022-04-01T09:44:53+00:00","dateModified":"2023-04-21T11:30:04+00:00","description":"Uuel hooajal on teil Kaberneeme sadama k\u00fclalisena v\u00f5imalus kasutada Trossi mereabi. Sinu paat pukseeritakse tasuta l\u00e4himasse sadamasse.","breadcrumb":{"@id":"https:\/\/kaberneememarina.ee\/et\/sadam\/trossi-mereabi\/#breadcrumb"},"inLanguage":"en-US","potentialAction":[{"@type":"ReadAction","target":["https:\/\/kaberneememarina.ee\/et\/sadam\/trossi-mereabi\/"]}]},{"@type":"ImageObject","inLanguage":"en-US","@id":"https:\/\/kaberneememarina.ee\/et\/sadam\/trossi-mereabi\/#primaryimage","url":"https:\/\/kaberneememarina.ee\/et\/wp-content\/uploads\/sites\/2\/2022\/04\/2021-11-26-TROSSI-sertifikaat.jpg","contentUrl":"https:\/\/kaberneememarina.ee\/et\/wp-content\/uploads\/sites\/2\/2022\/04\/2021-11-26-TROSSI-sertifikaat.jpg","width":575,"height":819},{"@type":"BreadcrumbList","@id":"https:\/\/kaberneememarina.ee\/et\/sadam\/trossi-mereabi\/#breadcrumb","itemListElement":[{"@type":"ListItem","position":1,"name":"Home","item":"https:\/\/kaberneememarina.ee\/et\/"},{"@type":"ListItem","position":2,"name":"Sadam","item":"https:\/\/kaberneememarina.ee\/et\/sadam\/"},{"@type":"ListItem","position":3,"name":"TROSSI mereabi"}]},{"@type":"WebSite","@id":"https:\/\/kaberneememarina.ee\/et\/#website","url":"https:\/\/kaberneememarina.ee\/et\/","name":"Kaberneeme sadam","description":"Kolga lahe p\u00e4rl","publisher":{"@id":"https:\/\/kaberneememarina.ee\/et\/#organization"},"potentialAction":[{"@type":"SearchAction","target":{"@type":"EntryPoint","urlTemplate":"https:\/\/kaberneememarina.ee\/et\/?s={search_term_string}"},"query-input":"required name=search_term_string"}],"inLanguage":"en-US"},{"@type":"Organization","@id":"https:\/\/kaberneememarina.ee\/et\/#organization","name":"Kaberneeme sadam","url":"https:\/\/kaberneememarina.ee\/et\/","logo":{"@type":"ImageObject","inLanguage":"en-US","@id":"https:\/\/kaberneememarina.ee\/et\/#\/schema\/logo\/image\/","url":"https:\/\/kaberneememarina.ee\/et\/wp-content\/uploads\/sites\/2\/2020\/10\/logo.png","contentUrl":"https:\/\/kaberneememarina.ee\/et\/wp-content\/uploads\/sites\/2\/2020\/10\/logo.png","width":150,"height":149,"caption":"Kaberneeme sadam"},"image":{"@id":"https:\/\/kaberneememarina.ee\/et\/#\/schema\/logo\/image\/"},"sameAs":["http:\/\/www.facebook.com\/kaberneememarina"]}]}},"_links":{"self":[{"href":"https:\/\/kaberneememarina.ee\/et\/wp-json\/wp\/v2\/pages\/2087"}],"collection":[{"href":"https:\/\/kaberneememarina.ee\/et\/wp-json\/wp\/v2\/pages"}],"about":[{"href":"https:\/\/kaberneememarina.ee\/et\/wp-json\/wp\/v2\/types\/page"}],"author":[{"embeddable":true,"href":"https:\/\/kaberneememarina.ee\/et\/wp-json\/wp\/v2\/users\/6"}],"replies":[{"embeddable":true,"href":"https:\/\/kaberneememarina.ee\/et\/wp-json\/wp\/v2\/comments?post=2087"}],"version-history":[{"count":12,"href":"https:\/\/kaberneememarina.ee\/et\/wp-json\/wp\/v2\/pages\/2087\/revisions"}],"predecessor-version":[{"id":2153,"href":"https:\/\/kaberneememarina.ee\/et\/wp-json\/wp\/v2\/pages\/2087\/revisions\/2153"}],"up":[{"embeddable":true,"href":"https:\/\/kaberneememarina.ee\/et\/wp-json\/wp\/v2\/pages\/6"}],"wp:featuredmedia":[{"embeddable":true,"href":"https:\/\/kaberneememarina.ee\/et\/wp-json\/wp\/v2\/media\/2091"}],"wp:attachment":[{"href":"https:\/\/kaberneememarina.ee\/et\/wp-json\/wp\/v2\/media?parent=2087"}],"curies":[{"name":"wp","href":"https:\/\/api.w.org\/{rel}","templated":true}]}}