{"id":6,"date":"2020-10-28T14:33:19","date_gmt":"2020-10-28T14:33:19","guid":{"rendered":"https:\/\/kaberneememarina.ee\/et\/?page_id=6"},"modified":"2020-11-15T09:25:08","modified_gmt":"2020-11-15T09:25:08","slug":"sadam","status":"publish","type":"page","link":"https:\/\/kaberneememarina.ee\/et\/sadam\/","title":{"rendered":"Sadam"},"content":{"rendered":"<p>Kaberneeme sadam asub Kaberneeme k\u00fclas kaunil liivarannal vaatega Kolga lahele.<\/p>\n<p>Siin on kohti 50 alusele, slipi kasutamise v\u00f5imalus, parkla,\u00a0<a href=\"https:\/\/kaberneememarina.ee\/sadama-saun\/\"><strong>saun<\/strong>,<\/a>\u00a0<a href=\"https:\/\/kaberneememarina.ee\/restoran\/\"><strong>restoran<\/strong>,<\/a>\u00a0erivajadustega inimeste WC ja pesemisv\u00f5imalus. Rannaalale on rajatud m\u00f5nus m\u00e4nguv\u00e4ljak lastele sh lium\u00e4gi, turnimispuud ja kiiged.<\/p>\n<p>Teretulnud on alused pikkusega kuni 24 m ja s\u00fcvisega kuni 2,1 m. Sadamas on olemas\u00a0<strong><a href=\"https:\/\/kaberneememarina.ee\/tankla\/\">tankla.<\/a><\/strong><\/p>\n<p>\u200bKaberneeme sadam l\u00e4bis p\u00f5hjaliku \u00fcmberehituse aastatel 2015-2019. Ehitust\u00f6id rahastati EAS\u2019i vahenditest. Loe l\u00e4hemalt\u00a0<a href=\"https:\/\/kaberneememarina.ee\/sadam\/toetajad\/\"><strong>SIIT.<\/strong><\/a><\/p>\n<p>Sadamaeeskirjaga saad tutvuda\u00a0<strong><a href=\"http:\/\/www.sadamaregister.ee\/SadamaRegister\/files\/4017\">SIIN<\/a><\/strong>.\u00a0Loe sadamaregistri kannet Kaberneeme sadama kohta\u00a0<strong><a href=\"http:\/\/www.sadamaregister.ee\/SadamaRegister\/sadam\/1210\">SIIN<\/a>.<\/strong><\/p>\n<p><a href=\"https:\/\/youtu.be\/Ly8pdw_rLdk\"><strong>VAATA<\/strong><\/a>\u00a0sadamat tutvustavat videot.<\/p>\n","protected":false},"excerpt":{"rendered":"<p>Kaberneeme sadam asub Kaberneeme k\u00fclas kaunil liivarannal vaatega Kolga lahele. Siin on kohti 50 alusele, slipi kasutamise v\u00f5imalus, parkla,\u00a0saun,\u00a0restoran,\u00a0erivajadustega inimeste &hellip; <a href=\"https:\/\/kaberneememarina.ee\/et\/sadam\/\">Continued<\/a><\/p>\n","protected":false},"author":1,"featured_media":0,"parent":0,"menu_order":0,"comment_status":"closed","ping_status":"closed","template":"","meta":{"_acf_changed":false,"footnotes":""},"acf":[],"yoast_head":"<!-- This site is optimized with the Yoast SEO plugin v22.4 - https:\/\/yoast.com\/wordpress\/plugins\/seo\/ -->\n<title>Sadam - Kaberneeme sadam<\/title>\n<meta name=\"robots\" content=\"index, follow, max-snippet:-1, max-image-preview:large, max-video-preview:-1\" \/>\n<link rel=\"canonical\" href=\"https:\/\/kaberneememarina.ee\/et\/sadam\/\" \/>\n<meta property=\"og:locale\" content=\"en_US\" \/>\n<meta property=\"og:type\" content=\"article\" \/>\n<meta property=\"og:title\" content=\"Sadam - Kaberneeme sadam\" \/>\n<meta property=\"og:description\" content=\"Kaberneeme sadam asub Kaberneeme k\u00fclas kaunil liivarannal vaatega Kolga lahele. Siin on kohti 50 alusele, slipi kasutamise v\u00f5imalus, parkla,\u00a0saun,\u00a0restoran,\u00a0erivajadustega inimeste &hellip; Continued\" \/>\n<meta property=\"og:url\" content=\"https:\/\/kaberneememarina.ee\/et\/sadam\/\" \/>\n<meta property=\"og:site_name\" content=\"Kaberneeme sadam\" \/>\n<meta property=\"article:publisher\" content=\"http:\/\/www.facebook.com\/kaberneememarina\" \/>\n<meta property=\"article:modified_time\" content=\"2020-11-15T09:25:08+00:00\" \/>\n<meta name=\"twitter:card\" content=\"summary_large_image\" \/>\n<script type=\"application\/ld+json\" class=\"yoast-schema-graph\">{\"@context\":\"https:\/\/schema.org\",\"@graph\":[{\"@type\":\"WebPage\",\"@id\":\"https:\/\/kaberneememarina.ee\/et\/sadam\/\",\"url\":\"https:\/\/kaberneememarina.ee\/et\/sadam\/\",\"name\":\"Sadam - Kaberneeme sadam\",\"isPartOf\":{\"@id\":\"https:\/\/kaberneememarina.ee\/et\/#website\"},\"datePublished\":\"2020-10-28T14:33:19+00:00\",\"dateModified\":\"2020-11-15T09:25:08+00:00\",\"breadcrumb\":{\"@id\":\"https:\/\/kaberneememarina.ee\/et\/sadam\/#breadcrumb\"},\"inLanguage\":\"en-US\",\"potentialAction\":[{\"@type\":\"ReadAction\",\"target\":[\"https:\/\/kaberneememarina.ee\/et\/sadam\/\"]}]},{\"@type\":\"BreadcrumbList\",\"@id\":\"https:\/\/kaberneememarina.ee\/et\/sadam\/#breadcrumb\",\"itemListElement\":[{\"@type\":\"ListItem\",\"position\":1,\"name\":\"Home\",\"item\":\"https:\/\/kaberneememarina.ee\/et\/\"},{\"@type\":\"ListItem\",\"position\":2,\"name\":\"Sadam\"}]},{\"@type\":\"WebSite\",\"@id\":\"https:\/\/kaberneememarina.ee\/et\/#website\",\"url\":\"https:\/\/kaberneememarina.ee\/et\/\",\"name\":\"Kaberneeme sadam\",\"description\":\"Kolga lahe p\u00e4rl\",\"publisher\":{\"@id\":\"https:\/\/kaberneememarina.ee\/et\/#organization\"},\"potentialAction\":[{\"@type\":\"SearchAction\",\"target\":{\"@type\":\"EntryPoint\",\"urlTemplate\":\"https:\/\/kaberneememarina.ee\/et\/?s={search_term_string}\"},\"query-input\":\"required name=search_term_string\"}],\"inLanguage\":\"en-US\"},{\"@type\":\"Organization\",\"@id\":\"https:\/\/kaberneememarina.ee\/et\/#organization\",\"name\":\"Kaberneeme sadam\",\"url\":\"https:\/\/kaberneememarina.ee\/et\/\",\"logo\":{\"@type\":\"ImageObject\",\"inLanguage\":\"en-US\",\"@id\":\"https:\/\/kaberneememarina.ee\/et\/#\/schema\/logo\/image\/\",\"url\":\"https:\/\/kaberneememarina.ee\/et\/wp-content\/uploads\/sites\/2\/2020\/10\/logo.png\",\"contentUrl\":\"https:\/\/kaberneememarina.ee\/et\/wp-content\/uploads\/sites\/2\/2020\/10\/logo.png\",\"width\":150,\"height\":149,\"caption\":\"Kaberneeme sadam\"},\"image\":{\"@id\":\"https:\/\/kaberneememarina.ee\/et\/#\/schema\/logo\/image\/\"},\"sameAs\":[\"http:\/\/www.facebook.com\/kaberneememarina\"]}]}<\/script>\n<!-- \/ Yoast SEO plugin. -->","yoast_head_json":{"title":"Sadam - Kaberneeme sadam","robots":{"index":"index","follow":"follow","max-snippet":"max-snippet:-1","max-image-preview":"max-image-preview:large","max-video-preview":"max-video-preview:-1"},"canonical":"https:\/\/kaberneememarina.ee\/et\/sadam\/","og_locale":"en_US","og_type":"article","og_title":"Sadam - Kaberneeme sadam","og_description":"Kaberneeme sadam asub Kaberneeme k\u00fclas kaunil liivarannal vaatega Kolga lahele. Siin on kohti 50 alusele, slipi kasutamise v\u00f5imalus, parkla,\u00a0saun,\u00a0restoran,\u00a0erivajadustega inimeste &hellip; Continued","og_url":"https:\/\/kaberneememarina.ee\/et\/sadam\/","og_site_name":"Kaberneeme sadam","article_publisher":"http:\/\/www.facebook.com\/kaberneememarina","article_modified_time":"2020-11-15T09:25:08+00:00","twitter_card":"summary_large_image","schema":{"@context":"https:\/\/schema.org","@graph":[{"@type":"WebPage","@id":"https:\/\/kaberneememarina.ee\/et\/sadam\/","url":"https:\/\/kaberneememarina.ee\/et\/sadam\/","name":"Sadam - Kaberneeme sadam","isPartOf":{"@id":"https:\/\/kaberneememarina.ee\/et\/#website"},"datePublished":"2020-10-28T14:33:19+00:00","dateModified":"2020-11-15T09:25:08+00:00","breadcrumb":{"@id":"https:\/\/kaberneememarina.ee\/et\/sadam\/#breadcrumb"},"inLanguage":"en-US","potentialAction":[{"@type":"ReadAction","target":["https:\/\/kaberneememarina.ee\/et\/sadam\/"]}]},{"@type":"BreadcrumbList","@id":"https:\/\/kaberneememarina.ee\/et\/sadam\/#breadcrumb","itemListElement":[{"@type":"ListItem","position":1,"name":"Home","item":"https:\/\/kaberneememarina.ee\/et\/"},{"@type":"ListItem","position":2,"name":"Sadam"}]},{"@type":"WebSite","@id":"https:\/\/kaberneememarina.ee\/et\/#website","url":"https:\/\/kaberneememarina.ee\/et\/","name":"Kaberneeme sadam","description":"Kolga lahe p\u00e4rl","publisher":{"@id":"https:\/\/kaberneememarina.ee\/et\/#organization"},"potentialAction":[{"@type":"SearchAction","target":{"@type":"EntryPoint","urlTemplate":"https:\/\/kaberneememarina.ee\/et\/?s={search_term_string}"},"query-input":"required name=search_term_string"}],"inLanguage":"en-US"},{"@type":"Organization","@id":"https:\/\/kaberneememarina.ee\/et\/#organization","name":"Kaberneeme sadam","url":"https:\/\/kaberneememarina.ee\/et\/","logo":{"@type":"ImageObject","inLanguage":"en-US","@id":"https:\/\/kaberneememarina.ee\/et\/#\/schema\/logo\/image\/","url":"https:\/\/kaberneememarina.ee\/et\/wp-content\/uploads\/sites\/2\/2020\/10\/logo.png","contentUrl":"https:\/\/kaberneememarina.ee\/et\/wp-content\/uploads\/sites\/2\/2020\/10\/logo.png","width":150,"height":149,"caption":"Kaberneeme sadam"},"image":{"@id":"https:\/\/kaberneememarina.ee\/et\/#\/schema\/logo\/image\/"},"sameAs":["http:\/\/www.facebook.com\/kaberneememarina"]}]}},"_links":{"self":[{"href":"https:\/\/kaberneememarina.ee\/et\/wp-json\/wp\/v2\/pages\/6"}],"collection":[{"href":"https:\/\/kaberneememarina.ee\/et\/wp-json\/wp\/v2\/pages"}],"about":[{"href":"https:\/\/kaberneememarina.ee\/et\/wp-json\/wp\/v2\/types\/page"}],"author":[{"embeddable":true,"href":"https:\/\/kaberneememarina.ee\/et\/wp-json\/wp\/v2\/users\/1"}],"replies":[{"embeddable":true,"href":"https:\/\/kaberneememarina.ee\/et\/wp-json\/wp\/v2\/comments?post=6"}],"version-history":[{"count":4,"href":"https:\/\/kaberneememarina.ee\/et\/wp-json\/wp\/v2\/pages\/6\/revisions"}],"predecessor-version":[{"id":1999,"href":"https:\/\/kaberneememarina.ee\/et\/wp-json\/wp\/v2\/pages\/6\/revisions\/1999"}],"wp:attachment":[{"href":"https:\/\/kaberneememarina.ee\/et\/wp-json\/wp\/v2\/media?parent=6"}],"curies":[{"name":"wp","href":"https:\/\/api.w.org\/{rel}","templated":true}]}}