{"id":8,"date":"2020-10-28T14:33:58","date_gmt":"2020-10-28T14:33:58","guid":{"rendered":"https:\/\/kaberneememarina.ee\/et\/?page_id=8"},"modified":"2024-04-16T14:30:31","modified_gmt":"2024-04-16T14:30:31","slug":"restoran","status":"publish","type":"page","link":"https:\/\/kaberneememarina.ee\/et\/restoran\/","title":{"rendered":"Restoran"},"content":{"rendered":"<h4>Tere tulemast restorani <a href=\"https:\/\/book.dinnerbooking.com\/ee\/et-EE\/book\/index\/3565\/3\"><strong>KABE Beach<\/strong><\/a>!<\/h4>\n<p style=\"text-align: left\"><strong>Alates aprillist 2024<\/strong> saab Kaberneeme sadama restoranis nautida uut kevadist men\u00fc\u00fcd.<\/p>\n<p>Tule ja naudime koos saabuvat suve!<\/p>\n<p>Broneeringuteks ja infoks v\u00f5tke restoraniga \u00fchendust:<\/p>\n<p><strong>+372 56279007 <\/strong>\/ <strong><a href=\"javascript:DeCryptX('2k1o3i2q3C2m1b3e2g0b1f0a0c0h203h2g')\">in&#102;&#111;&#64;&#107;&#97;bebe&#97;ch&#46;e&#101;<\/a><\/strong><\/p>\n<p><a class=\"mr-2\" href=\"https:\/\/kaberneememarina.ee\/et\/wp-content\/uploads\/sites\/2\/2023\/04\/3984C2FE-63DB-4C4C-96A7-7A1CD7B92D81-e1681115494136.jpeg\"><img loading=\"lazy\" decoding=\"async\" class=\"alignnone wp-image-2136 size-thumbnail\" src=\"https:\/\/kaberneememarina.ee\/et\/wp-content\/uploads\/sites\/2\/2023\/04\/3984C2FE-63DB-4C4C-96A7-7A1CD7B92D81-e1681115494136-150x150.jpeg\" alt=\"\" width=\"150\" height=\"150\" \/><\/a><a href=\"https:\/\/kaberneememarina.ee\/et\/wp-content\/uploads\/sites\/2\/2020\/12\/vaade-kohvikust_view-from-the-cafe-in-Kaberneeme.jpg\"><img loading=\"lazy\" decoding=\"async\" class=\"alignnone wp-image-2044 size-thumbnail\" src=\"https:\/\/kaberneememarina.ee\/et\/wp-content\/uploads\/sites\/2\/2020\/12\/vaade-kohvikust_view-from-the-cafe-in-Kaberneeme-150x150.jpg\" alt=\"\" width=\"150\" height=\"150\" srcset=\"https:\/\/kaberneememarina.ee\/et\/wp-content\/uploads\/sites\/2\/2020\/12\/vaade-kohvikust_view-from-the-cafe-in-Kaberneeme-150x150.jpg 150w, https:\/\/kaberneememarina.ee\/et\/wp-content\/uploads\/sites\/2\/2020\/12\/vaade-kohvikust_view-from-the-cafe-in-Kaberneeme-300x300.jpg 300w, https:\/\/kaberneememarina.ee\/et\/wp-content\/uploads\/sites\/2\/2020\/12\/vaade-kohvikust_view-from-the-cafe-in-Kaberneeme.jpg 640w\" sizes=\"(max-width: 150px) 100vw, 150px\" \/><\/a><\/p>\n","protected":false},"excerpt":{"rendered":"<p>Tere tulemast restorani KABE Beach! Alates aprillist 2024 saab Kaberneeme sadama restoranis nautida uut kevadist men\u00fc\u00fcd. Tule ja naudime koos &hellip; <a href=\"https:\/\/kaberneememarina.ee\/et\/restoran\/\">Continued<\/a><\/p>\n","protected":false},"author":1,"featured_media":2136,"parent":0,"menu_order":0,"comment_status":"closed","ping_status":"closed","template":"","meta":{"_acf_changed":false,"footnotes":""},"acf":[],"yoast_head":"<!-- This site is optimized with the Yoast SEO plugin v22.4 - https:\/\/yoast.com\/wordpress\/plugins\/seo\/ -->\n<title>Kaberneeme Sadamas avati uus restoran KABE Beach<\/title>\n<meta name=\"description\" content=\"Alates aprillist, 2023, saab Kaberneeme sadama \u00e4sja avatud restoranis nautida uut kevadist men\u00fc\u00fcd.Tule ja naudime koos saabuvat suve!\" \/>\n<meta name=\"robots\" content=\"index, follow, max-snippet:-1, max-image-preview:large, max-video-preview:-1\" \/>\n<link rel=\"canonical\" href=\"https:\/\/kaberneememarina.ee\/et\/restoran\/\" \/>\n<meta property=\"og:locale\" content=\"en_US\" \/>\n<meta property=\"og:type\" content=\"article\" \/>\n<meta property=\"og:title\" content=\"Kaberneeme Sadamas avati uus restoran KABE Beach\" \/>\n<meta property=\"og:description\" content=\"Alates aprillist, 2023, saab Kaberneeme sadama \u00e4sja avatud restoranis nautida uut kevadist men\u00fc\u00fcd.Tule ja naudime koos saabuvat suve!\" \/>\n<meta property=\"og:url\" content=\"https:\/\/kaberneememarina.ee\/et\/restoran\/\" \/>\n<meta property=\"og:site_name\" content=\"Kaberneeme sadam\" \/>\n<meta property=\"article:publisher\" content=\"http:\/\/www.facebook.com\/kaberneememarina\" \/>\n<meta property=\"article:modified_time\" content=\"2024-04-16T14:30:31+00:00\" \/>\n<meta property=\"og:image\" content=\"https:\/\/kaberneememarina.ee\/et\/wp-content\/uploads\/sites\/2\/2023\/04\/3984C2FE-63DB-4C4C-96A7-7A1CD7B92D81-e1681115494136.jpeg\" \/>\n\t<meta property=\"og:image:width\" content=\"883\" \/>\n\t<meta property=\"og:image:height\" content=\"787\" \/>\n\t<meta property=\"og:image:type\" content=\"image\/jpeg\" \/>\n<meta name=\"twitter:card\" content=\"summary_large_image\" \/>\n<meta name=\"twitter:label1\" content=\"Est. reading time\" \/>\n\t<meta name=\"twitter:data1\" content=\"1 minute\" \/>\n<script type=\"application\/ld+json\" class=\"yoast-schema-graph\">{\"@context\":\"https:\/\/schema.org\",\"@graph\":[{\"@type\":\"WebPage\",\"@id\":\"https:\/\/kaberneememarina.ee\/et\/restoran\/\",\"url\":\"https:\/\/kaberneememarina.ee\/et\/restoran\/\",\"name\":\"Kaberneeme Sadamas avati uus restoran KABE Beach\",\"isPartOf\":{\"@id\":\"https:\/\/kaberneememarina.ee\/et\/#website\"},\"primaryImageOfPage\":{\"@id\":\"https:\/\/kaberneememarina.ee\/et\/restoran\/#primaryimage\"},\"image\":{\"@id\":\"https:\/\/kaberneememarina.ee\/et\/restoran\/#primaryimage\"},\"thumbnailUrl\":\"https:\/\/kaberneememarina.ee\/et\/wp-content\/uploads\/sites\/2\/2023\/04\/3984C2FE-63DB-4C4C-96A7-7A1CD7B92D81-e1681115494136.jpeg\",\"datePublished\":\"2020-10-28T14:33:58+00:00\",\"dateModified\":\"2024-04-16T14:30:31+00:00\",\"description\":\"Alates aprillist, 2023, saab Kaberneeme sadama \u00e4sja avatud restoranis nautida uut kevadist men\u00fc\u00fcd.Tule ja naudime koos saabuvat suve!\",\"breadcrumb\":{\"@id\":\"https:\/\/kaberneememarina.ee\/et\/restoran\/#breadcrumb\"},\"inLanguage\":\"en-US\",\"potentialAction\":[{\"@type\":\"ReadAction\",\"target\":[\"https:\/\/kaberneememarina.ee\/et\/restoran\/\"]}]},{\"@type\":\"ImageObject\",\"inLanguage\":\"en-US\",\"@id\":\"https:\/\/kaberneememarina.ee\/et\/restoran\/#primaryimage\",\"url\":\"https:\/\/kaberneememarina.ee\/et\/wp-content\/uploads\/sites\/2\/2023\/04\/3984C2FE-63DB-4C4C-96A7-7A1CD7B92D81-e1681115494136.jpeg\",\"contentUrl\":\"https:\/\/kaberneememarina.ee\/et\/wp-content\/uploads\/sites\/2\/2023\/04\/3984C2FE-63DB-4C4C-96A7-7A1CD7B92D81-e1681115494136.jpeg\",\"width\":883,\"height\":787},{\"@type\":\"BreadcrumbList\",\"@id\":\"https:\/\/kaberneememarina.ee\/et\/restoran\/#breadcrumb\",\"itemListElement\":[{\"@type\":\"ListItem\",\"position\":1,\"name\":\"Home\",\"item\":\"https:\/\/kaberneememarina.ee\/et\/\"},{\"@type\":\"ListItem\",\"position\":2,\"name\":\"Restoran\"}]},{\"@type\":\"WebSite\",\"@id\":\"https:\/\/kaberneememarina.ee\/et\/#website\",\"url\":\"https:\/\/kaberneememarina.ee\/et\/\",\"name\":\"Kaberneeme sadam\",\"description\":\"Kolga lahe p\u00e4rl\",\"publisher\":{\"@id\":\"https:\/\/kaberneememarina.ee\/et\/#organization\"},\"potentialAction\":[{\"@type\":\"SearchAction\",\"target\":{\"@type\":\"EntryPoint\",\"urlTemplate\":\"https:\/\/kaberneememarina.ee\/et\/?s={search_term_string}\"},\"query-input\":\"required name=search_term_string\"}],\"inLanguage\":\"en-US\"},{\"@type\":\"Organization\",\"@id\":\"https:\/\/kaberneememarina.ee\/et\/#organization\",\"name\":\"Kaberneeme sadam\",\"url\":\"https:\/\/kaberneememarina.ee\/et\/\",\"logo\":{\"@type\":\"ImageObject\",\"inLanguage\":\"en-US\",\"@id\":\"https:\/\/kaberneememarina.ee\/et\/#\/schema\/logo\/image\/\",\"url\":\"https:\/\/kaberneememarina.ee\/et\/wp-content\/uploads\/sites\/2\/2020\/10\/logo.png\",\"contentUrl\":\"https:\/\/kaberneememarina.ee\/et\/wp-content\/uploads\/sites\/2\/2020\/10\/logo.png\",\"width\":150,\"height\":149,\"caption\":\"Kaberneeme sadam\"},\"image\":{\"@id\":\"https:\/\/kaberneememarina.ee\/et\/#\/schema\/logo\/image\/\"},\"sameAs\":[\"http:\/\/www.facebook.com\/kaberneememarina\"]}]}<\/script>\n<!-- \/ Yoast SEO plugin. -->","yoast_head_json":{"title":"Kaberneeme Sadamas avati uus restoran KABE Beach","description":"Alates aprillist, 2023, saab Kaberneeme sadama \u00e4sja avatud restoranis nautida uut kevadist men\u00fc\u00fcd.Tule ja naudime koos saabuvat suve!","robots":{"index":"index","follow":"follow","max-snippet":"max-snippet:-1","max-image-preview":"max-image-preview:large","max-video-preview":"max-video-preview:-1"},"canonical":"https:\/\/kaberneememarina.ee\/et\/restoran\/","og_locale":"en_US","og_type":"article","og_title":"Kaberneeme Sadamas avati uus restoran KABE Beach","og_description":"Alates aprillist, 2023, saab Kaberneeme sadama \u00e4sja avatud restoranis nautida uut kevadist men\u00fc\u00fcd.Tule ja naudime koos saabuvat suve!","og_url":"https:\/\/kaberneememarina.ee\/et\/restoran\/","og_site_name":"Kaberneeme sadam","article_publisher":"http:\/\/www.facebook.com\/kaberneememarina","article_modified_time":"2024-04-16T14:30:31+00:00","og_image":[{"width":883,"height":787,"url":"https:\/\/kaberneememarina.ee\/et\/wp-content\/uploads\/sites\/2\/2023\/04\/3984C2FE-63DB-4C4C-96A7-7A1CD7B92D81-e1681115494136.jpeg","type":"image\/jpeg"}],"twitter_card":"summary_large_image","twitter_misc":{"Est. reading time":"1 minute"},"schema":{"@context":"https:\/\/schema.org","@graph":[{"@type":"WebPage","@id":"https:\/\/kaberneememarina.ee\/et\/restoran\/","url":"https:\/\/kaberneememarina.ee\/et\/restoran\/","name":"Kaberneeme Sadamas avati uus restoran KABE Beach","isPartOf":{"@id":"https:\/\/kaberneememarina.ee\/et\/#website"},"primaryImageOfPage":{"@id":"https:\/\/kaberneememarina.ee\/et\/restoran\/#primaryimage"},"image":{"@id":"https:\/\/kaberneememarina.ee\/et\/restoran\/#primaryimage"},"thumbnailUrl":"https:\/\/kaberneememarina.ee\/et\/wp-content\/uploads\/sites\/2\/2023\/04\/3984C2FE-63DB-4C4C-96A7-7A1CD7B92D81-e1681115494136.jpeg","datePublished":"2020-10-28T14:33:58+00:00","dateModified":"2024-04-16T14:30:31+00:00","description":"Alates aprillist, 2023, saab Kaberneeme sadama \u00e4sja avatud restoranis nautida uut kevadist men\u00fc\u00fcd.Tule ja naudime koos saabuvat suve!","breadcrumb":{"@id":"https:\/\/kaberneememarina.ee\/et\/restoran\/#breadcrumb"},"inLanguage":"en-US","potentialAction":[{"@type":"ReadAction","target":["https:\/\/kaberneememarina.ee\/et\/restoran\/"]}]},{"@type":"ImageObject","inLanguage":"en-US","@id":"https:\/\/kaberneememarina.ee\/et\/restoran\/#primaryimage","url":"https:\/\/kaberneememarina.ee\/et\/wp-content\/uploads\/sites\/2\/2023\/04\/3984C2FE-63DB-4C4C-96A7-7A1CD7B92D81-e1681115494136.jpeg","contentUrl":"https:\/\/kaberneememarina.ee\/et\/wp-content\/uploads\/sites\/2\/2023\/04\/3984C2FE-63DB-4C4C-96A7-7A1CD7B92D81-e1681115494136.jpeg","width":883,"height":787},{"@type":"BreadcrumbList","@id":"https:\/\/kaberneememarina.ee\/et\/restoran\/#breadcrumb","itemListElement":[{"@type":"ListItem","position":1,"name":"Home","item":"https:\/\/kaberneememarina.ee\/et\/"},{"@type":"ListItem","position":2,"name":"Restoran"}]},{"@type":"WebSite","@id":"https:\/\/kaberneememarina.ee\/et\/#website","url":"https:\/\/kaberneememarina.ee\/et\/","name":"Kaberneeme sadam","description":"Kolga lahe p\u00e4rl","publisher":{"@id":"https:\/\/kaberneememarina.ee\/et\/#organization"},"potentialAction":[{"@type":"SearchAction","target":{"@type":"EntryPoint","urlTemplate":"https:\/\/kaberneememarina.ee\/et\/?s={search_term_string}"},"query-input":"required name=search_term_string"}],"inLanguage":"en-US"},{"@type":"Organization","@id":"https:\/\/kaberneememarina.ee\/et\/#organization","name":"Kaberneeme sadam","url":"https:\/\/kaberneememarina.ee\/et\/","logo":{"@type":"ImageObject","inLanguage":"en-US","@id":"https:\/\/kaberneememarina.ee\/et\/#\/schema\/logo\/image\/","url":"https:\/\/kaberneememarina.ee\/et\/wp-content\/uploads\/sites\/2\/2020\/10\/logo.png","contentUrl":"https:\/\/kaberneememarina.ee\/et\/wp-content\/uploads\/sites\/2\/2020\/10\/logo.png","width":150,"height":149,"caption":"Kaberneeme sadam"},"image":{"@id":"https:\/\/kaberneememarina.ee\/et\/#\/schema\/logo\/image\/"},"sameAs":["http:\/\/www.facebook.com\/kaberneememarina"]}]}},"_links":{"self":[{"href":"https:\/\/kaberneememarina.ee\/et\/wp-json\/wp\/v2\/pages\/8"}],"collection":[{"href":"https:\/\/kaberneememarina.ee\/et\/wp-json\/wp\/v2\/pages"}],"about":[{"href":"https:\/\/kaberneememarina.ee\/et\/wp-json\/wp\/v2\/types\/page"}],"author":[{"embeddable":true,"href":"https:\/\/kaberneememarina.ee\/et\/wp-json\/wp\/v2\/users\/1"}],"replies":[{"embeddable":true,"href":"https:\/\/kaberneememarina.ee\/et\/wp-json\/wp\/v2\/comments?post=8"}],"version-history":[{"count":34,"href":"https:\/\/kaberneememarina.ee\/et\/wp-json\/wp\/v2\/pages\/8\/revisions"}],"predecessor-version":[{"id":2192,"href":"https:\/\/kaberneememarina.ee\/et\/wp-json\/wp\/v2\/pages\/8\/revisions\/2192"}],"wp:featuredmedia":[{"embeddable":true,"href":"https:\/\/kaberneememarina.ee\/et\/wp-json\/wp\/v2\/media\/2136"}],"wp:attachment":[{"href":"https:\/\/kaberneememarina.ee\/et\/wp-json\/wp\/v2\/media?parent=8"}],"curies":[{"name":"wp","href":"https:\/\/api.w.org\/{rel}","templated":true}]}}